{"id":12,"date":"2025-07-28T10:20:00","date_gmt":"2025-07-28T10:20:00","guid":{"rendered":"https:\/\/atnuoma.matavi.dev\/my-account\/"},"modified":"2025-10-14T07:03:12","modified_gmt":"2025-10-14T07:03:12","slug":"mano-paskyra","status":"publish","type":"page","link":"https:\/\/cowrent.lt\/en\/mano-paskyra\/","title":{"rendered":"My account"},"content":{"rendered":"<div class=\"woocommerce\"><\/div>","protected":false},"excerpt":{"rendered":"","protected":false},"author":1,"featured_media":0,"parent":0,"menu_order":0,"comment_status":"closed","ping_status":"closed","template":"","meta":{"_acf_changed":false,"footnotes":""},"class_list":["post-12","page","type-page","status-publish","hentry"],"acf":[],"yoast_head":"<!-- This site is optimized with the Yoast SEO Premium plugin v25.8 (Yoast SEO v27.4) - https:\/\/yoast.com\/product\/yoast-seo-premium-wordpress\/ -->\n<title>Mano paskyra \u2013 Tvarkykite automobili\u0173 nuomos u\u017esakymus.<\/title>\n<meta name=\"description\" content=\"Prisijunkite prie savo Cowrent paskyros ir patogiai valdykite automobili\u0173 nuomos u\u017esakymus, mok\u0117jimus bei kliento duomenis.\" \/>\n<meta name=\"robots\" content=\"index, follow, max-snippet:-1, max-image-preview:large, max-video-preview:-1\" \/>\n<link rel=\"canonical\" href=\"https:\/\/cowrent.lt\/en\/mano-paskyra\/\" \/>\n<meta property=\"og:locale\" content=\"en_US\" \/>\n<meta property=\"og:type\" content=\"article\" \/>\n<meta property=\"og:title\" content=\"Mano paskyra\" \/>\n<meta property=\"og:description\" content=\"Prisijunkite prie savo Cowrent paskyros ir patogiai valdykite automobili\u0173 nuomos u\u017esakymus, mok\u0117jimus bei kliento duomenis.\" \/>\n<meta property=\"og:url\" content=\"https:\/\/cowrent.lt\/en\/mano-paskyra\/\" \/>\n<meta property=\"og:site_name\" content=\"Cowrent.lt\" \/>\n<meta property=\"article:publisher\" content=\"https:\/\/www.facebook.com\/ADTransport.UAB\" \/>\n<meta property=\"article:modified_time\" content=\"2025-10-14T07:03:12+00:00\" \/>\n<meta name=\"twitter:card\" content=\"summary_large_image\" \/>\n<meta name=\"twitter:label1\" content=\"Est. reading time\" \/>\n\t<meta name=\"twitter:data1\" content=\"1 minute\" \/>\n<script type=\"application\/ld+json\" class=\"yoast-schema-graph\">{\"@context\":\"https:\\\/\\\/schema.org\",\"@graph\":[{\"@type\":\"WebPage\",\"@id\":\"https:\\\/\\\/cowrent.lt\\\/mano-paskyra\\\/\",\"url\":\"https:\\\/\\\/cowrent.lt\\\/mano-paskyra\\\/\",\"name\":\"Mano paskyra \u2013 Tvarkykite automobili\u0173 nuomos u\u017esakymus.\",\"isPartOf\":{\"@id\":\"https:\\\/\\\/cowrent.lt\\\/#website\"},\"datePublished\":\"2025-07-28T10:20:00+00:00\",\"dateModified\":\"2025-10-14T07:03:12+00:00\",\"description\":\"Prisijunkite prie savo Cowrent paskyros ir patogiai valdykite automobili\u0173 nuomos u\u017esakymus, mok\u0117jimus bei kliento duomenis.\",\"breadcrumb\":{\"@id\":\"https:\\\/\\\/cowrent.lt\\\/mano-paskyra\\\/#breadcrumb\"},\"inLanguage\":\"en-US\",\"potentialAction\":[{\"@type\":\"ReadAction\",\"target\":[\"https:\\\/\\\/cowrent.lt\\\/mano-paskyra\\\/\"]}]},{\"@type\":\"BreadcrumbList\",\"@id\":\"https:\\\/\\\/cowrent.lt\\\/mano-paskyra\\\/#breadcrumb\",\"itemListElement\":[{\"@type\":\"ListItem\",\"position\":1,\"name\":\"Home\",\"item\":\"https:\\\/\\\/cowrent.lt\\\/\"},{\"@type\":\"ListItem\",\"position\":2,\"name\":\"Mano paskyra\"}]},{\"@type\":\"WebSite\",\"@id\":\"https:\\\/\\\/cowrent.lt\\\/#website\",\"url\":\"https:\\\/\\\/cowrent.lt\\\/\",\"name\":\"cowrent.lightningbasehosted.com\",\"description\":\"Patikima automobili\u0173 nuoma Lietuvoje!\",\"publisher\":{\"@id\":\"https:\\\/\\\/cowrent.lt\\\/#organization\"},\"potentialAction\":[{\"@type\":\"SearchAction\",\"target\":{\"@type\":\"EntryPoint\",\"urlTemplate\":\"https:\\\/\\\/cowrent.lt\\\/?s={search_term_string}\"},\"query-input\":{\"@type\":\"PropertyValueSpecification\",\"valueRequired\":true,\"valueName\":\"search_term_string\"}}],\"inLanguage\":\"en-US\"},{\"@type\":\"Organization\",\"@id\":\"https:\\\/\\\/cowrent.lt\\\/#organization\",\"name\":\"cowrent.lightningbasehosted.com\",\"url\":\"https:\\\/\\\/cowrent.lt\\\/\",\"logo\":{\"@type\":\"ImageObject\",\"inLanguage\":\"en-US\",\"@id\":\"https:\\\/\\\/cowrent.lt\\\/#\\\/schema\\\/logo\\\/image\\\/\",\"url\":\"https:\\\/\\\/cowrent.lt\\\/wp-content\\\/uploads\\\/2025\\\/12\\\/cropped-Cowrent-Profile-picture-Color-Black-backround.jpg\",\"contentUrl\":\"https:\\\/\\\/cowrent.lt\\\/wp-content\\\/uploads\\\/2025\\\/12\\\/cropped-Cowrent-Profile-picture-Color-Black-backround.jpg\",\"width\":512,\"height\":512,\"caption\":\"cowrent.lightningbasehosted.com\"},\"image\":{\"@id\":\"https:\\\/\\\/cowrent.lt\\\/#\\\/schema\\\/logo\\\/image\\\/\"},\"sameAs\":[\"https:\\\/\\\/www.facebook.com\\\/ADTransport.UAB\",\"https:\\\/\\\/www.linkedin.com\\\/company\\\/ad-transport\\\/\"]}]}<\/script>\n<!-- \/ Yoast SEO Premium plugin. -->","yoast_head_json":{"title":"My Account - Manage your car rental bookings.","description":"Log in to your Cowrent account and conveniently manage your car rental bookings, payments and customer details.","robots":{"index":"index","follow":"follow","max-snippet":"max-snippet:-1","max-image-preview":"max-image-preview:large","max-video-preview":"max-video-preview:-1"},"canonical":"https:\/\/cowrent.lt\/en\/mano-paskyra\/","og_locale":"en_US","og_type":"article","og_title":"Mano paskyra","og_description":"Prisijunkite prie savo Cowrent paskyros ir patogiai valdykite automobili\u0173 nuomos u\u017esakymus, mok\u0117jimus bei kliento duomenis.","og_url":"https:\/\/cowrent.lt\/en\/mano-paskyra\/","og_site_name":"Cowrent.lt","article_publisher":"https:\/\/www.facebook.com\/ADTransport.UAB","article_modified_time":"2025-10-14T07:03:12+00:00","twitter_card":"summary_large_image","twitter_misc":{"Est. reading time":"1 minute"},"schema":{"@context":"https:\/\/schema.org","@graph":[{"@type":"WebPage","@id":"https:\/\/cowrent.lt\/mano-paskyra\/","url":"https:\/\/cowrent.lt\/mano-paskyra\/","name":"My Account - Manage your car rental bookings.","isPartOf":{"@id":"https:\/\/cowrent.lt\/#website"},"datePublished":"2025-07-28T10:20:00+00:00","dateModified":"2025-10-14T07:03:12+00:00","description":"Log in to your Cowrent account and conveniently manage your car rental bookings, payments and customer details.","breadcrumb":{"@id":"https:\/\/cowrent.lt\/mano-paskyra\/#breadcrumb"},"inLanguage":"en-US","potentialAction":[{"@type":"ReadAction","target":["https:\/\/cowrent.lt\/mano-paskyra\/"]}]},{"@type":"BreadcrumbList","@id":"https:\/\/cowrent.lt\/mano-paskyra\/#breadcrumb","itemListElement":[{"@type":"ListItem","position":1,"name":"Home","item":"https:\/\/cowrent.lt\/"},{"@type":"ListItem","position":2,"name":"Mano paskyra"}]},{"@type":"WebSite","@id":"https:\/\/cowrent.lt\/#website","url":"https:\/\/cowrent.lt\/","name":"cowrent.lightningbasehosted.com","description":"Reliable car rental in Lithuania!","publisher":{"@id":"https:\/\/cowrent.lt\/#organization"},"potentialAction":[{"@type":"SearchAction","target":{"@type":"EntryPoint","urlTemplate":"https:\/\/cowrent.lt\/?s={search_term_string}"},"query-input":{"@type":"PropertyValueSpecification","valueRequired":true,"valueName":"search_term_string"}}],"inLanguage":"en-US"},{"@type":"Organization","@id":"https:\/\/cowrent.lt\/#organization","name":"cowrent.lightningbasehosted.com","url":"https:\/\/cowrent.lt\/","logo":{"@type":"ImageObject","inLanguage":"en-US","@id":"https:\/\/cowrent.lt\/#\/schema\/logo\/image\/","url":"https:\/\/cowrent.lt\/wp-content\/uploads\/2025\/12\/cropped-Cowrent-Profile-picture-Color-Black-backround.jpg","contentUrl":"https:\/\/cowrent.lt\/wp-content\/uploads\/2025\/12\/cropped-Cowrent-Profile-picture-Color-Black-backround.jpg","width":512,"height":512,"caption":"cowrent.lightningbasehosted.com"},"image":{"@id":"https:\/\/cowrent.lt\/#\/schema\/logo\/image\/"},"sameAs":["https:\/\/www.facebook.com\/ADTransport.UAB","https:\/\/www.linkedin.com\/company\/ad-transport\/"]}]}},"_links":{"self":[{"href":"https:\/\/cowrent.lt\/en\/wp-json\/wp\/v2\/pages\/12","targetHints":{"allow":["GET"]}}],"collection":[{"href":"https:\/\/cowrent.lt\/en\/wp-json\/wp\/v2\/pages"}],"about":[{"href":"https:\/\/cowrent.lt\/en\/wp-json\/wp\/v2\/types\/page"}],"author":[{"embeddable":true,"href":"https:\/\/cowrent.lt\/en\/wp-json\/wp\/v2\/users\/1"}],"replies":[{"embeddable":true,"href":"https:\/\/cowrent.lt\/en\/wp-json\/wp\/v2\/comments?post=12"}],"version-history":[{"count":0,"href":"https:\/\/cowrent.lt\/en\/wp-json\/wp\/v2\/pages\/12\/revisions"}],"wp:attachment":[{"href":"https:\/\/cowrent.lt\/en\/wp-json\/wp\/v2\/media?parent=12"}],"curies":[{"name":"wp","href":"https:\/\/api.w.org\/{rel}","templated":true}]}}