{"id":1020,"date":"2025-08-28T11:18:02","date_gmt":"2025-08-28T11:18:02","guid":{"rendered":"https:\/\/cowrent.lightningbasehosted.com\/?post_type=product&#038;p=1020"},"modified":"2026-03-24T09:53:21","modified_gmt":"2026-03-24T09:53:21","slug":"mb-vito","status":"publish","type":"product","link":"https:\/\/cowrent.lt\/en\/product\/mb-vito\/","title":{"rendered":"MB Vito"},"content":{"rendered":"<p data-start=\"0\" data-end=\"266\"><strong data-start=\"0\" data-end=\"27\">Luxury Mercedes-Benz Vito 2024<\/strong> - the perfect choice for family trips, friends' trips or work trips. <strong data-start=\"105\" data-end=\"125\">8 seats<\/strong> and a spacious cabin that allows everyone to travel comfortably and easily accommodate luggage. <strong data-start=\"209\" data-end=\"225\">Black colour<\/strong> gives a solid, versatile look.<\/p>\n<p data-start=\"268\" data-end=\"429\"><strong data-start=\"268\" data-end=\"287\">120 kW engine<\/strong> provides a smooth and stable ride in both city and countryside driving, making it ideal for both short and longer journeys.<\/p>\n<p data-start=\"431\" data-end=\"545\">Car rental with <strong data-start=\"457\" data-end=\"475\">CASCO insurance<\/strong>so you can feel at ease and enjoy your journey without any extra worries.<\/p>\n<p data-start=\"547\" data-end=\"626\"><strong data-start=\"547\" data-end=\"557\">Tinka:<\/strong><br data-start=\"557\" data-end=\"560\" \/>- for family holidays<br data-start=\"579\" data-end=\"582\" \/>- for trips with friends<br data-start=\"605\" data-end=\"608\" \/>- for work trips<\/p>\n<p data-start=\"628\" data-end=\"716\" data-is-last-node=\"\" data-is-only-node=\"\"><strong data-start=\"628\" data-end=\"650\">Mercedes-Benz Vito<\/strong> - more space, comfort and reassurance on every journey.<\/p>","protected":false},"excerpt":{"rendered":"<ul>\n<li><strong>Business Class<\/strong><\/li>\n<li><strong>Minibus MB Vito <\/strong><em>or similar<\/em><\/li>\n<li><strong>Year of construction 2024<\/strong><\/li>\n<li><strong>Automatic gearbox<\/strong><\/li>\n<li><strong>Diesel<\/strong><\/li>\n<li><strong>Air conditioning<\/strong><\/li>\n<li><strong>Casco insurance<\/strong><\/li>\n<li>Reservations are made at the time of picking up the car <strong data-start=\"911\" data-end=\"932\">400 EUR deposit<\/strong>.<\/li>\n<\/ul>","protected":false},"featured_media":2573,"comment_status":"open","ping_status":"closed","template":"","meta":{"_acf_changed":false},"product_brand":[],"product_cat":[15],"product_tag":[],"class_list":{"0":"post-1020","1":"product","2":"type-product","3":"status-publish","4":"has-post-thumbnail","6":"product_cat-uncategorized","8":"first","9":"instock","10":"taxable","11":"shipping-taxable","12":"purchasable","13":"product-type-variable"},"acf":[],"yoast_head":"<!-- This site is optimized with the Yoast SEO Premium plugin v25.8 (Yoast SEO v27.4) - https:\/\/yoast.com\/product\/yoast-seo-premium-wordpress\/ -->\n<title>MB Vito - Cowrent.lt<\/title>\n<meta name=\"robots\" content=\"index, follow, max-snippet:-1, max-image-preview:large, max-video-preview:-1\" \/>\n<link rel=\"canonical\" href=\"https:\/\/cowrent.lt\/en\/product\/mb-vito\/\" \/>\n<meta property=\"og:locale\" content=\"en_US\" \/>\n<meta property=\"og:type\" content=\"article\" \/>\n<meta property=\"og:title\" content=\"MB Vito\" \/>\n<meta property=\"og:description\" content=\"Verslo klas\u0117  Mikroautobusas MB Vito arba pana\u0161us  2024 pagaminimo metai  Automatin\u0117 pavar\u0173 de\u017e\u0117  Dyzelis  Oro kondicionierius  Kasko draudimas  Atsiimant automobil\u012f, rezervuojamas 400 Eur depozitas.\" \/>\n<meta property=\"og:url\" content=\"https:\/\/cowrent.lt\/en\/product\/mb-vito\/\" \/>\n<meta property=\"og:site_name\" content=\"Cowrent.lt\" \/>\n<meta property=\"article:publisher\" content=\"https:\/\/www.facebook.com\/ADTransport.UAB\" \/>\n<meta property=\"article:modified_time\" content=\"2026-03-24T09:53:21+00:00\" \/>\n<meta property=\"og:image\" content=\"https:\/\/cowrent.lt\/wp-content\/uploads\/2025\/08\/ChatGPT-Image-Feb-26-2026-10_22_05-AM.png\" \/>\n\t<meta property=\"og:image:width\" content=\"1536\" \/>\n\t<meta property=\"og:image:height\" content=\"1024\" \/>\n\t<meta property=\"og:image:type\" content=\"image\/png\" \/>\n<meta name=\"twitter:card\" content=\"summary_large_image\" \/>\n<meta name=\"twitter:label1\" content=\"Est. reading time\" \/>\n\t<meta name=\"twitter:data1\" content=\"1 minute\" \/>\n<script type=\"application\/ld+json\" class=\"yoast-schema-graph\">{\"@context\":\"https:\\\/\\\/schema.org\",\"@graph\":[{\"@type\":\"WebPage\",\"@id\":\"https:\\\/\\\/cowrent.lt\\\/product\\\/mb-vito\\\/\",\"url\":\"https:\\\/\\\/cowrent.lt\\\/product\\\/mb-vito\\\/\",\"name\":\"MB Vito - Cowrent.lt\",\"isPartOf\":{\"@id\":\"https:\\\/\\\/cowrent.lt\\\/#website\"},\"primaryImageOfPage\":{\"@id\":\"https:\\\/\\\/cowrent.lt\\\/product\\\/mb-vito\\\/#primaryimage\"},\"image\":{\"@id\":\"https:\\\/\\\/cowrent.lt\\\/product\\\/mb-vito\\\/#primaryimage\"},\"thumbnailUrl\":\"https:\\\/\\\/cowrent.lt\\\/wp-content\\\/uploads\\\/2025\\\/08\\\/ChatGPT-Image-Feb-26-2026-10_22_05-AM.png\",\"datePublished\":\"2025-08-28T11:18:02+00:00\",\"dateModified\":\"2026-03-24T09:53:21+00:00\",\"breadcrumb\":{\"@id\":\"https:\\\/\\\/cowrent.lt\\\/product\\\/mb-vito\\\/#breadcrumb\"},\"inLanguage\":\"en-US\",\"potentialAction\":[{\"@type\":\"ReadAction\",\"target\":[\"https:\\\/\\\/cowrent.lt\\\/product\\\/mb-vito\\\/\"]}]},{\"@type\":\"ImageObject\",\"inLanguage\":\"en-US\",\"@id\":\"https:\\\/\\\/cowrent.lt\\\/product\\\/mb-vito\\\/#primaryimage\",\"url\":\"https:\\\/\\\/cowrent.lt\\\/wp-content\\\/uploads\\\/2025\\\/08\\\/ChatGPT-Image-Feb-26-2026-10_22_05-AM.png\",\"contentUrl\":\"https:\\\/\\\/cowrent.lt\\\/wp-content\\\/uploads\\\/2025\\\/08\\\/ChatGPT-Image-Feb-26-2026-10_22_05-AM.png\",\"width\":1536,\"height\":1024},{\"@type\":\"BreadcrumbList\",\"@id\":\"https:\\\/\\\/cowrent.lt\\\/product\\\/mb-vito\\\/#breadcrumb\",\"itemListElement\":[{\"@type\":\"ListItem\",\"position\":1,\"name\":\"Home\",\"item\":\"https:\\\/\\\/cowrent.lt\\\/\"},{\"@type\":\"ListItem\",\"position\":2,\"name\":\"Rezervacija\",\"item\":\"https:\\\/\\\/cowrent.lt\\\/reservation\\\/\"},{\"@type\":\"ListItem\",\"position\":3,\"name\":\"MB Vito\"}]},{\"@type\":\"WebSite\",\"@id\":\"https:\\\/\\\/cowrent.lt\\\/#website\",\"url\":\"https:\\\/\\\/cowrent.lt\\\/\",\"name\":\"cowrent.lightningbasehosted.com\",\"description\":\"Patikima automobili\u0173 nuoma Lietuvoje!\",\"publisher\":{\"@id\":\"https:\\\/\\\/cowrent.lt\\\/#organization\"},\"potentialAction\":[{\"@type\":\"SearchAction\",\"target\":{\"@type\":\"EntryPoint\",\"urlTemplate\":\"https:\\\/\\\/cowrent.lt\\\/?s={search_term_string}\"},\"query-input\":{\"@type\":\"PropertyValueSpecification\",\"valueRequired\":true,\"valueName\":\"search_term_string\"}}],\"inLanguage\":\"en-US\"},{\"@type\":\"Organization\",\"@id\":\"https:\\\/\\\/cowrent.lt\\\/#organization\",\"name\":\"cowrent.lightningbasehosted.com\",\"url\":\"https:\\\/\\\/cowrent.lt\\\/\",\"logo\":{\"@type\":\"ImageObject\",\"inLanguage\":\"en-US\",\"@id\":\"https:\\\/\\\/cowrent.lt\\\/#\\\/schema\\\/logo\\\/image\\\/\",\"url\":\"https:\\\/\\\/cowrent.lt\\\/wp-content\\\/uploads\\\/2025\\\/12\\\/cropped-Cowrent-Profile-picture-Color-Black-backround.jpg\",\"contentUrl\":\"https:\\\/\\\/cowrent.lt\\\/wp-content\\\/uploads\\\/2025\\\/12\\\/cropped-Cowrent-Profile-picture-Color-Black-backround.jpg\",\"width\":512,\"height\":512,\"caption\":\"cowrent.lightningbasehosted.com\"},\"image\":{\"@id\":\"https:\\\/\\\/cowrent.lt\\\/#\\\/schema\\\/logo\\\/image\\\/\"},\"sameAs\":[\"https:\\\/\\\/www.facebook.com\\\/ADTransport.UAB\",\"https:\\\/\\\/www.linkedin.com\\\/company\\\/ad-transport\\\/\"]}]}<\/script>\n<!-- \/ Yoast SEO Premium plugin. -->","yoast_head_json":{"title":"MB Vito - Cowrent.lt","robots":{"index":"index","follow":"follow","max-snippet":"max-snippet:-1","max-image-preview":"max-image-preview:large","max-video-preview":"max-video-preview:-1"},"canonical":"https:\/\/cowrent.lt\/en\/product\/mb-vito\/","og_locale":"en_US","og_type":"article","og_title":"MB Vito","og_description":"Verslo klas\u0117  Mikroautobusas MB Vito arba pana\u0161us  2024 pagaminimo metai  Automatin\u0117 pavar\u0173 de\u017e\u0117  Dyzelis  Oro kondicionierius  Kasko draudimas  Atsiimant automobil\u012f, rezervuojamas 400 Eur depozitas.","og_url":"https:\/\/cowrent.lt\/en\/product\/mb-vito\/","og_site_name":"Cowrent.lt","article_publisher":"https:\/\/www.facebook.com\/ADTransport.UAB","article_modified_time":"2026-03-24T09:53:21+00:00","og_image":[{"width":1536,"height":1024,"url":"https:\/\/cowrent.lt\/wp-content\/uploads\/2025\/08\/ChatGPT-Image-Feb-26-2026-10_22_05-AM.png","type":"image\/png"}],"twitter_card":"summary_large_image","twitter_misc":{"Est. reading time":"1 minute"},"schema":{"@context":"https:\/\/schema.org","@graph":[{"@type":"WebPage","@id":"https:\/\/cowrent.lt\/product\/mb-vito\/","url":"https:\/\/cowrent.lt\/product\/mb-vito\/","name":"MB Vito - Cowrent.lt","isPartOf":{"@id":"https:\/\/cowrent.lt\/#website"},"primaryImageOfPage":{"@id":"https:\/\/cowrent.lt\/product\/mb-vito\/#primaryimage"},"image":{"@id":"https:\/\/cowrent.lt\/product\/mb-vito\/#primaryimage"},"thumbnailUrl":"https:\/\/cowrent.lt\/wp-content\/uploads\/2025\/08\/ChatGPT-Image-Feb-26-2026-10_22_05-AM.png","datePublished":"2025-08-28T11:18:02+00:00","dateModified":"2026-03-24T09:53:21+00:00","breadcrumb":{"@id":"https:\/\/cowrent.lt\/product\/mb-vito\/#breadcrumb"},"inLanguage":"en-US","potentialAction":[{"@type":"ReadAction","target":["https:\/\/cowrent.lt\/product\/mb-vito\/"]}]},{"@type":"ImageObject","inLanguage":"en-US","@id":"https:\/\/cowrent.lt\/product\/mb-vito\/#primaryimage","url":"https:\/\/cowrent.lt\/wp-content\/uploads\/2025\/08\/ChatGPT-Image-Feb-26-2026-10_22_05-AM.png","contentUrl":"https:\/\/cowrent.lt\/wp-content\/uploads\/2025\/08\/ChatGPT-Image-Feb-26-2026-10_22_05-AM.png","width":1536,"height":1024},{"@type":"BreadcrumbList","@id":"https:\/\/cowrent.lt\/product\/mb-vito\/#breadcrumb","itemListElement":[{"@type":"ListItem","position":1,"name":"Home","item":"https:\/\/cowrent.lt\/"},{"@type":"ListItem","position":2,"name":"Rezervacija","item":"https:\/\/cowrent.lt\/reservation\/"},{"@type":"ListItem","position":3,"name":"MB Vito"}]},{"@type":"WebSite","@id":"https:\/\/cowrent.lt\/#website","url":"https:\/\/cowrent.lt\/","name":"cowrent.lightningbasehosted.com","description":"Reliable car rental in Lithuania!","publisher":{"@id":"https:\/\/cowrent.lt\/#organization"},"potentialAction":[{"@type":"SearchAction","target":{"@type":"EntryPoint","urlTemplate":"https:\/\/cowrent.lt\/?s={search_term_string}"},"query-input":{"@type":"PropertyValueSpecification","valueRequired":true,"valueName":"search_term_string"}}],"inLanguage":"en-US"},{"@type":"Organization","@id":"https:\/\/cowrent.lt\/#organization","name":"cowrent.lightningbasehosted.com","url":"https:\/\/cowrent.lt\/","logo":{"@type":"ImageObject","inLanguage":"en-US","@id":"https:\/\/cowrent.lt\/#\/schema\/logo\/image\/","url":"https:\/\/cowrent.lt\/wp-content\/uploads\/2025\/12\/cropped-Cowrent-Profile-picture-Color-Black-backround.jpg","contentUrl":"https:\/\/cowrent.lt\/wp-content\/uploads\/2025\/12\/cropped-Cowrent-Profile-picture-Color-Black-backround.jpg","width":512,"height":512,"caption":"cowrent.lightningbasehosted.com"},"image":{"@id":"https:\/\/cowrent.lt\/#\/schema\/logo\/image\/"},"sameAs":["https:\/\/www.facebook.com\/ADTransport.UAB","https:\/\/www.linkedin.com\/company\/ad-transport\/"]}]}},"_links":{"self":[{"href":"https:\/\/cowrent.lt\/en\/wp-json\/wp\/v2\/product\/1020","targetHints":{"allow":["GET"]}}],"collection":[{"href":"https:\/\/cowrent.lt\/en\/wp-json\/wp\/v2\/product"}],"about":[{"href":"https:\/\/cowrent.lt\/en\/wp-json\/wp\/v2\/types\/product"}],"replies":[{"embeddable":true,"href":"https:\/\/cowrent.lt\/en\/wp-json\/wp\/v2\/comments?post=1020"}],"version-history":[{"count":0,"href":"https:\/\/cowrent.lt\/en\/wp-json\/wp\/v2\/product\/1020\/revisions"}],"wp:featuredmedia":[{"embeddable":true,"href":"https:\/\/cowrent.lt\/en\/wp-json\/wp\/v2\/media\/2573"}],"wp:attachment":[{"href":"https:\/\/cowrent.lt\/en\/wp-json\/wp\/v2\/media?parent=1020"}],"wp:term":[{"taxonomy":"product_brand","embeddable":true,"href":"https:\/\/cowrent.lt\/en\/wp-json\/wp\/v2\/product_brand?post=1020"},{"taxonomy":"product_cat","embeddable":true,"href":"https:\/\/cowrent.lt\/en\/wp-json\/wp\/v2\/product_cat?post=1020"},{"taxonomy":"product_tag","embeddable":true,"href":"https:\/\/cowrent.lt\/en\/wp-json\/wp\/v2\/product_tag?post=1020"}],"curies":[{"name":"wp","href":"https:\/\/api.w.org\/{rel}","templated":true}]}}