{"id":1023,"date":"2025-08-28T11:19:18","date_gmt":"2025-08-28T11:19:18","guid":{"rendered":"https:\/\/cowrent.lightningbasehosted.com\/?post_type=product&#038;p=1023"},"modified":"2026-02-26T03:51:14","modified_gmt":"2026-02-26T03:51:14","slug":"kia-ceed-universalas","status":"publish","type":"product","link":"https:\/\/cowrent.lt\/en\/product\/kia-ceed-universalas\/","title":{"rendered":"Kia Ceed Estate"},"content":{"rendered":"<p data-start=\"0\" data-end=\"245\"><strong data-start=\"0\" data-end=\"48\">Modern and spacious Kia Ceed Estate 2023<\/strong> - the perfect choice for family trips, friends' trips or longer journeys. <strong data-start=\"131\" data-end=\"151\">5 seats<\/strong> and a spacious boot for comfortable travelling and easy storage of all your belongings.<\/p>\n<p data-start=\"247\" data-end=\"435\"><strong data-start=\"247\" data-end=\"268\">117,5 kW engine<\/strong> and automatic gearbox provide a smooth, stable ride in both city and countryside driving, making it suitable for both everyday use and longer journeys.<\/p>\n<p data-start=\"437\" data-end=\"551\">Car rental with <strong data-start=\"463\" data-end=\"481\">CASCO insurance<\/strong>so you can feel at ease and enjoy your journey without any extra worries.<\/p>\n<p data-start=\"553\" data-end=\"632\"><strong data-start=\"553\" data-end=\"563\">Tinka:<\/strong><br data-start=\"563\" data-end=\"566\" \/>- for family holidays<br data-start=\"585\" data-end=\"588\" \/>- for trips with friends<br data-start=\"611\" data-end=\"614\" \/>- for work trips<\/p>\n<p data-start=\"634\" data-end=\"706\" data-is-last-node=\"\" data-is-only-node=\"\"><strong data-start=\"634\" data-end=\"658\">Kia Ceed Estate<\/strong> - more space, comfort and freedom to travel.<\/p>","protected":false},"excerpt":{"rendered":"<ul>\n<li><strong>Economy Kia Ceed <\/strong><em>or similar<\/em><\/li>\n<li><strong>Year of construction 2023<\/strong><\/li>\n<li><strong>Automatic gearbox<\/strong><\/li>\n<li><strong>Petrol<\/strong><\/li>\n<li><strong>Air conditioning<\/strong><\/li>\n<li><strong>Casco insurance<\/strong><\/li>\n<li>Reservations are made at the time of picking up the car <strong data-start=\"911\" data-end=\"932\">400 EUR deposit<\/strong>.<\/li>\n<\/ul>","protected":false},"featured_media":2569,"comment_status":"open","ping_status":"closed","template":"","meta":{"_acf_changed":false},"product_brand":[],"product_cat":[15],"product_tag":[],"class_list":{"0":"post-1023","1":"product","2":"type-product","3":"status-publish","4":"has-post-thumbnail","6":"product_cat-uncategorized","8":"first","9":"instock","10":"taxable","11":"shipping-taxable","12":"purchasable","13":"product-type-variable"},"acf":[],"yoast_head":"<!-- This site is optimized with the Yoast SEO Premium plugin v25.8 (Yoast SEO v27.4) - https:\/\/yoast.com\/product\/yoast-seo-premium-wordpress\/ -->\n<title>Kia Ceed Universalas - Cowrent.lt<\/title>\n<meta name=\"robots\" content=\"index, follow, max-snippet:-1, max-image-preview:large, max-video-preview:-1\" \/>\n<link rel=\"canonical\" href=\"https:\/\/cowrent.lt\/en\/product\/kia-ceed-universalas\/\" \/>\n<meta property=\"og:locale\" content=\"en_US\" \/>\n<meta property=\"og:type\" content=\"article\" \/>\n<meta property=\"og:title\" content=\"Kia Ceed Universalas\" \/>\n<meta property=\"og:description\" content=\"Ekonomin\u0117 Kia Ceed arba pana\u0161us  2023 pagaminimo metai  Automatin\u0117 pavar\u0173 de\u017e\u0117  Benzinas  Oro kondicionierius  Kasko draudimas  Atsiimant automobil\u012f, rezervuojamas 400 Eur depozitas.\" \/>\n<meta property=\"og:url\" content=\"https:\/\/cowrent.lt\/en\/product\/kia-ceed-universalas\/\" \/>\n<meta property=\"og:site_name\" content=\"Cowrent.lt\" \/>\n<meta property=\"article:publisher\" content=\"https:\/\/www.facebook.com\/ADTransport.UAB\" \/>\n<meta property=\"article:modified_time\" content=\"2026-02-26T03:51:14+00:00\" \/>\n<meta property=\"og:image\" content=\"https:\/\/cowrent.lt\/wp-content\/uploads\/2025\/08\/ChatGPT-Image-Feb-26-2026-10_19_26-AM.png\" \/>\n\t<meta property=\"og:image:width\" content=\"1536\" \/>\n\t<meta property=\"og:image:height\" content=\"1024\" \/>\n\t<meta property=\"og:image:type\" content=\"image\/png\" \/>\n<meta name=\"twitter:card\" content=\"summary_large_image\" \/>\n<meta name=\"twitter:label1\" content=\"Est. reading time\" \/>\n\t<meta name=\"twitter:data1\" content=\"1 minute\" \/>\n<script type=\"application\/ld+json\" class=\"yoast-schema-graph\">{\"@context\":\"https:\\\/\\\/schema.org\",\"@graph\":[{\"@type\":\"WebPage\",\"@id\":\"https:\\\/\\\/cowrent.lt\\\/product\\\/kia-ceed-universalas\\\/\",\"url\":\"https:\\\/\\\/cowrent.lt\\\/product\\\/kia-ceed-universalas\\\/\",\"name\":\"Kia Ceed Universalas - Cowrent.lt\",\"isPartOf\":{\"@id\":\"https:\\\/\\\/cowrent.lt\\\/#website\"},\"primaryImageOfPage\":{\"@id\":\"https:\\\/\\\/cowrent.lt\\\/product\\\/kia-ceed-universalas\\\/#primaryimage\"},\"image\":{\"@id\":\"https:\\\/\\\/cowrent.lt\\\/product\\\/kia-ceed-universalas\\\/#primaryimage\"},\"thumbnailUrl\":\"https:\\\/\\\/cowrent.lt\\\/wp-content\\\/uploads\\\/2025\\\/08\\\/ChatGPT-Image-Feb-26-2026-10_19_26-AM.png\",\"datePublished\":\"2025-08-28T11:19:18+00:00\",\"dateModified\":\"2026-02-26T03:51:14+00:00\",\"breadcrumb\":{\"@id\":\"https:\\\/\\\/cowrent.lt\\\/product\\\/kia-ceed-universalas\\\/#breadcrumb\"},\"inLanguage\":\"en-US\",\"potentialAction\":[{\"@type\":\"ReadAction\",\"target\":[\"https:\\\/\\\/cowrent.lt\\\/product\\\/kia-ceed-universalas\\\/\"]}]},{\"@type\":\"ImageObject\",\"inLanguage\":\"en-US\",\"@id\":\"https:\\\/\\\/cowrent.lt\\\/product\\\/kia-ceed-universalas\\\/#primaryimage\",\"url\":\"https:\\\/\\\/cowrent.lt\\\/wp-content\\\/uploads\\\/2025\\\/08\\\/ChatGPT-Image-Feb-26-2026-10_19_26-AM.png\",\"contentUrl\":\"https:\\\/\\\/cowrent.lt\\\/wp-content\\\/uploads\\\/2025\\\/08\\\/ChatGPT-Image-Feb-26-2026-10_19_26-AM.png\",\"width\":1536,\"height\":1024},{\"@type\":\"BreadcrumbList\",\"@id\":\"https:\\\/\\\/cowrent.lt\\\/product\\\/kia-ceed-universalas\\\/#breadcrumb\",\"itemListElement\":[{\"@type\":\"ListItem\",\"position\":1,\"name\":\"Home\",\"item\":\"https:\\\/\\\/cowrent.lt\\\/\"},{\"@type\":\"ListItem\",\"position\":2,\"name\":\"Rezervacija\",\"item\":\"https:\\\/\\\/cowrent.lt\\\/reservation\\\/\"},{\"@type\":\"ListItem\",\"position\":3,\"name\":\"Kia Ceed Universalas\"}]},{\"@type\":\"WebSite\",\"@id\":\"https:\\\/\\\/cowrent.lt\\\/#website\",\"url\":\"https:\\\/\\\/cowrent.lt\\\/\",\"name\":\"cowrent.lightningbasehosted.com\",\"description\":\"Patikima automobili\u0173 nuoma Lietuvoje!\",\"publisher\":{\"@id\":\"https:\\\/\\\/cowrent.lt\\\/#organization\"},\"potentialAction\":[{\"@type\":\"SearchAction\",\"target\":{\"@type\":\"EntryPoint\",\"urlTemplate\":\"https:\\\/\\\/cowrent.lt\\\/?s={search_term_string}\"},\"query-input\":{\"@type\":\"PropertyValueSpecification\",\"valueRequired\":true,\"valueName\":\"search_term_string\"}}],\"inLanguage\":\"en-US\"},{\"@type\":\"Organization\",\"@id\":\"https:\\\/\\\/cowrent.lt\\\/#organization\",\"name\":\"cowrent.lightningbasehosted.com\",\"url\":\"https:\\\/\\\/cowrent.lt\\\/\",\"logo\":{\"@type\":\"ImageObject\",\"inLanguage\":\"en-US\",\"@id\":\"https:\\\/\\\/cowrent.lt\\\/#\\\/schema\\\/logo\\\/image\\\/\",\"url\":\"https:\\\/\\\/cowrent.lt\\\/wp-content\\\/uploads\\\/2025\\\/12\\\/cropped-Cowrent-Profile-picture-Color-Black-backround.jpg\",\"contentUrl\":\"https:\\\/\\\/cowrent.lt\\\/wp-content\\\/uploads\\\/2025\\\/12\\\/cropped-Cowrent-Profile-picture-Color-Black-backround.jpg\",\"width\":512,\"height\":512,\"caption\":\"cowrent.lightningbasehosted.com\"},\"image\":{\"@id\":\"https:\\\/\\\/cowrent.lt\\\/#\\\/schema\\\/logo\\\/image\\\/\"},\"sameAs\":[\"https:\\\/\\\/www.facebook.com\\\/ADTransport.UAB\",\"https:\\\/\\\/www.linkedin.com\\\/company\\\/ad-transport\\\/\"]}]}<\/script>\n<!-- \/ Yoast SEO Premium plugin. -->","yoast_head_json":{"title":"Kia Ceed Universalas - Cowrent.lt","robots":{"index":"index","follow":"follow","max-snippet":"max-snippet:-1","max-image-preview":"max-image-preview:large","max-video-preview":"max-video-preview:-1"},"canonical":"https:\/\/cowrent.lt\/en\/product\/kia-ceed-universalas\/","og_locale":"en_US","og_type":"article","og_title":"Kia Ceed Universalas","og_description":"Ekonomin\u0117 Kia Ceed arba pana\u0161us  2023 pagaminimo metai  Automatin\u0117 pavar\u0173 de\u017e\u0117  Benzinas  Oro kondicionierius  Kasko draudimas  Atsiimant automobil\u012f, rezervuojamas 400 Eur depozitas.","og_url":"https:\/\/cowrent.lt\/en\/product\/kia-ceed-universalas\/","og_site_name":"Cowrent.lt","article_publisher":"https:\/\/www.facebook.com\/ADTransport.UAB","article_modified_time":"2026-02-26T03:51:14+00:00","og_image":[{"width":1536,"height":1024,"url":"https:\/\/cowrent.lt\/wp-content\/uploads\/2025\/08\/ChatGPT-Image-Feb-26-2026-10_19_26-AM.png","type":"image\/png"}],"twitter_card":"summary_large_image","twitter_misc":{"Est. reading time":"1 minute"},"schema":{"@context":"https:\/\/schema.org","@graph":[{"@type":"WebPage","@id":"https:\/\/cowrent.lt\/product\/kia-ceed-universalas\/","url":"https:\/\/cowrent.lt\/product\/kia-ceed-universalas\/","name":"Kia Ceed Universalas - Cowrent.lt","isPartOf":{"@id":"https:\/\/cowrent.lt\/#website"},"primaryImageOfPage":{"@id":"https:\/\/cowrent.lt\/product\/kia-ceed-universalas\/#primaryimage"},"image":{"@id":"https:\/\/cowrent.lt\/product\/kia-ceed-universalas\/#primaryimage"},"thumbnailUrl":"https:\/\/cowrent.lt\/wp-content\/uploads\/2025\/08\/ChatGPT-Image-Feb-26-2026-10_19_26-AM.png","datePublished":"2025-08-28T11:19:18+00:00","dateModified":"2026-02-26T03:51:14+00:00","breadcrumb":{"@id":"https:\/\/cowrent.lt\/product\/kia-ceed-universalas\/#breadcrumb"},"inLanguage":"en-US","potentialAction":[{"@type":"ReadAction","target":["https:\/\/cowrent.lt\/product\/kia-ceed-universalas\/"]}]},{"@type":"ImageObject","inLanguage":"en-US","@id":"https:\/\/cowrent.lt\/product\/kia-ceed-universalas\/#primaryimage","url":"https:\/\/cowrent.lt\/wp-content\/uploads\/2025\/08\/ChatGPT-Image-Feb-26-2026-10_19_26-AM.png","contentUrl":"https:\/\/cowrent.lt\/wp-content\/uploads\/2025\/08\/ChatGPT-Image-Feb-26-2026-10_19_26-AM.png","width":1536,"height":1024},{"@type":"BreadcrumbList","@id":"https:\/\/cowrent.lt\/product\/kia-ceed-universalas\/#breadcrumb","itemListElement":[{"@type":"ListItem","position":1,"name":"Home","item":"https:\/\/cowrent.lt\/"},{"@type":"ListItem","position":2,"name":"Rezervacija","item":"https:\/\/cowrent.lt\/reservation\/"},{"@type":"ListItem","position":3,"name":"Kia Ceed Universalas"}]},{"@type":"WebSite","@id":"https:\/\/cowrent.lt\/#website","url":"https:\/\/cowrent.lt\/","name":"cowrent.lightningbasehosted.com","description":"Reliable car rental in Lithuania!","publisher":{"@id":"https:\/\/cowrent.lt\/#organization"},"potentialAction":[{"@type":"SearchAction","target":{"@type":"EntryPoint","urlTemplate":"https:\/\/cowrent.lt\/?s={search_term_string}"},"query-input":{"@type":"PropertyValueSpecification","valueRequired":true,"valueName":"search_term_string"}}],"inLanguage":"en-US"},{"@type":"Organization","@id":"https:\/\/cowrent.lt\/#organization","name":"cowrent.lightningbasehosted.com","url":"https:\/\/cowrent.lt\/","logo":{"@type":"ImageObject","inLanguage":"en-US","@id":"https:\/\/cowrent.lt\/#\/schema\/logo\/image\/","url":"https:\/\/cowrent.lt\/wp-content\/uploads\/2025\/12\/cropped-Cowrent-Profile-picture-Color-Black-backround.jpg","contentUrl":"https:\/\/cowrent.lt\/wp-content\/uploads\/2025\/12\/cropped-Cowrent-Profile-picture-Color-Black-backround.jpg","width":512,"height":512,"caption":"cowrent.lightningbasehosted.com"},"image":{"@id":"https:\/\/cowrent.lt\/#\/schema\/logo\/image\/"},"sameAs":["https:\/\/www.facebook.com\/ADTransport.UAB","https:\/\/www.linkedin.com\/company\/ad-transport\/"]}]}},"_links":{"self":[{"href":"https:\/\/cowrent.lt\/en\/wp-json\/wp\/v2\/product\/1023","targetHints":{"allow":["GET"]}}],"collection":[{"href":"https:\/\/cowrent.lt\/en\/wp-json\/wp\/v2\/product"}],"about":[{"href":"https:\/\/cowrent.lt\/en\/wp-json\/wp\/v2\/types\/product"}],"replies":[{"embeddable":true,"href":"https:\/\/cowrent.lt\/en\/wp-json\/wp\/v2\/comments?post=1023"}],"version-history":[{"count":0,"href":"https:\/\/cowrent.lt\/en\/wp-json\/wp\/v2\/product\/1023\/revisions"}],"wp:featuredmedia":[{"embeddable":true,"href":"https:\/\/cowrent.lt\/en\/wp-json\/wp\/v2\/media\/2569"}],"wp:attachment":[{"href":"https:\/\/cowrent.lt\/en\/wp-json\/wp\/v2\/media?parent=1023"}],"wp:term":[{"taxonomy":"product_brand","embeddable":true,"href":"https:\/\/cowrent.lt\/en\/wp-json\/wp\/v2\/product_brand?post=1023"},{"taxonomy":"product_cat","embeddable":true,"href":"https:\/\/cowrent.lt\/en\/wp-json\/wp\/v2\/product_cat?post=1023"},{"taxonomy":"product_tag","embeddable":true,"href":"https:\/\/cowrent.lt\/en\/wp-json\/wp\/v2\/product_tag?post=1023"}],"curies":[{"name":"wp","href":"https:\/\/api.w.org\/{rel}","templated":true}]}}