{"id":1389,"date":"2025-10-21T14:34:29","date_gmt":"2025-10-21T14:34:29","guid":{"rendered":"https:\/\/cowrent.lightningbasehosted.com\/?post_type=product&#038;p=1389"},"modified":"2026-03-24T09:45:32","modified_gmt":"2026-03-24T09:45:32","slug":"hyundai-ioniq-2","status":"publish","type":"product","link":"https:\/\/cowrent.lt\/en\/product\/hyundai-ioniq-2\/","title":{"rendered":"Hyundai Ioniq"},"content":{"rendered":"<p data-start=\"67\" data-end=\"269\"><strong data-start=\"67\" data-end=\"113\">The economical Hyundai Ioniq 2017<\/strong> - a convenient choice for everyday commuting and travelling. <strong data-start=\"182\" data-end=\"202\">5 seats<\/strong> and an automatic gearbox for easy, comfortable driving.<\/p>\n<p data-start=\"271\" data-end=\"419\"><strong data-start=\"271\" data-end=\"289\">77 kW engine<\/strong> gives you a smooth and stable drive in both city and highway driving, while its economical operation allows you to drive without extra costs.<\/p>\n<p data-start=\"421\" data-end=\"517\">Car rental with <strong data-start=\"447\" data-end=\"465\">CASCO insurance<\/strong>so you can have peace of mind and travel without worries.<\/p>\n<p data-start=\"519\" data-end=\"612\"><strong data-start=\"519\" data-end=\"529\">Tinka:<\/strong><br data-start=\"529\" data-end=\"532\" \/>- for daily commuting<br data-start=\"557\" data-end=\"560\" \/>- for urban and suburban travel<br data-start=\"591\" data-end=\"594\" \/>- for work trips<\/p>\n<p data-start=\"614\" data-end=\"686\" data-is-last-node=\"\" data-is-only-node=\"\"><strong data-start=\"614\" data-end=\"631\">Hyundai Ioniq<\/strong> - the economical choice for comfortable everyday driving.<\/p>","protected":false},"excerpt":{"rendered":"<ul>\n<li style=\"list-style-type: none;\">\n<ul>\n<li><strong>Economy Hyundai Ioniq <\/strong><em>or similar<\/em><\/li>\n<li><strong>Year of construction 2017<\/strong><\/li>\n<li><strong>Automatic gearbox<\/strong><\/li>\n<li><strong>Petrol<\/strong><\/li>\n<li><strong>Air conditioning<\/strong><\/li>\n<li><strong>Casco insurance<\/strong><\/li>\n<li>Reservations are made at the time of picking up the car <strong data-start=\"911\" data-end=\"932\">400 EUR deposit<\/strong>.<\/li>\n<\/ul>\n<\/li>\n<\/ul>","protected":false},"featured_media":2565,"comment_status":"open","ping_status":"closed","template":"","meta":{"_acf_changed":false},"product_brand":[],"product_cat":[15],"product_tag":[],"class_list":{"0":"post-1389","1":"product","2":"type-product","3":"status-publish","4":"has-post-thumbnail","6":"product_cat-uncategorized","8":"first","9":"instock","10":"taxable","11":"shipping-taxable","12":"purchasable","13":"product-type-variable"},"acf":[],"yoast_head":"<!-- This site is optimized with the Yoast SEO Premium plugin v25.8 (Yoast SEO v27.4) - https:\/\/yoast.com\/product\/yoast-seo-premium-wordpress\/ -->\n<title>Hyundai Ioniq - Cowrent.lt<\/title>\n<meta name=\"robots\" content=\"index, follow, max-snippet:-1, max-image-preview:large, max-video-preview:-1\" \/>\n<link rel=\"canonical\" href=\"https:\/\/cowrent.lt\/en\/product\/hyundai-ioniq-2\/\" \/>\n<meta property=\"og:locale\" content=\"en_US\" \/>\n<meta property=\"og:type\" content=\"article\" \/>\n<meta property=\"og:title\" content=\"Hyundai Ioniq\" \/>\n<meta property=\"og:description\" content=\"Ekonominis Hyundai Ioniq arba pana\u0161us  2017 pagaminimo metai  Automatin\u0117 pavar\u0173 de\u017e\u0117  Benzinas  Oro kondicionierius  Kasko draudimas  Atsiimant automobil\u012f, rezervuojamas 400 Eur depozitas.\" \/>\n<meta property=\"og:url\" content=\"https:\/\/cowrent.lt\/en\/product\/hyundai-ioniq-2\/\" \/>\n<meta property=\"og:site_name\" content=\"Cowrent.lt\" \/>\n<meta property=\"article:publisher\" content=\"https:\/\/www.facebook.com\/ADTransport.UAB\" \/>\n<meta property=\"article:modified_time\" content=\"2026-03-24T09:45:32+00:00\" \/>\n<meta property=\"og:image\" content=\"https:\/\/cowrent.lt\/wp-content\/uploads\/2025\/10\/ChatGPT-Image-Feb-26-2026-10_01_18-AM.png\" \/>\n\t<meta property=\"og:image:width\" content=\"1536\" \/>\n\t<meta property=\"og:image:height\" content=\"1024\" \/>\n\t<meta property=\"og:image:type\" content=\"image\/png\" \/>\n<meta name=\"twitter:card\" content=\"summary_large_image\" \/>\n<meta name=\"twitter:label1\" content=\"Est. reading time\" \/>\n\t<meta name=\"twitter:data1\" content=\"1 minute\" \/>\n<script type=\"application\/ld+json\" class=\"yoast-schema-graph\">{\"@context\":\"https:\\\/\\\/schema.org\",\"@graph\":[{\"@type\":\"WebPage\",\"@id\":\"https:\\\/\\\/cowrent.lt\\\/product\\\/hyundai-ioniq-2\\\/\",\"url\":\"https:\\\/\\\/cowrent.lt\\\/product\\\/hyundai-ioniq-2\\\/\",\"name\":\"Hyundai Ioniq - Cowrent.lt\",\"isPartOf\":{\"@id\":\"https:\\\/\\\/cowrent.lt\\\/#website\"},\"primaryImageOfPage\":{\"@id\":\"https:\\\/\\\/cowrent.lt\\\/product\\\/hyundai-ioniq-2\\\/#primaryimage\"},\"image\":{\"@id\":\"https:\\\/\\\/cowrent.lt\\\/product\\\/hyundai-ioniq-2\\\/#primaryimage\"},\"thumbnailUrl\":\"https:\\\/\\\/cowrent.lt\\\/wp-content\\\/uploads\\\/2025\\\/10\\\/ChatGPT-Image-Feb-26-2026-10_01_18-AM.png\",\"datePublished\":\"2025-10-21T14:34:29+00:00\",\"dateModified\":\"2026-03-24T09:45:32+00:00\",\"breadcrumb\":{\"@id\":\"https:\\\/\\\/cowrent.lt\\\/product\\\/hyundai-ioniq-2\\\/#breadcrumb\"},\"inLanguage\":\"en-US\",\"potentialAction\":[{\"@type\":\"ReadAction\",\"target\":[\"https:\\\/\\\/cowrent.lt\\\/product\\\/hyundai-ioniq-2\\\/\"]}]},{\"@type\":\"ImageObject\",\"inLanguage\":\"en-US\",\"@id\":\"https:\\\/\\\/cowrent.lt\\\/product\\\/hyundai-ioniq-2\\\/#primaryimage\",\"url\":\"https:\\\/\\\/cowrent.lt\\\/wp-content\\\/uploads\\\/2025\\\/10\\\/ChatGPT-Image-Feb-26-2026-10_01_18-AM.png\",\"contentUrl\":\"https:\\\/\\\/cowrent.lt\\\/wp-content\\\/uploads\\\/2025\\\/10\\\/ChatGPT-Image-Feb-26-2026-10_01_18-AM.png\",\"width\":1536,\"height\":1024},{\"@type\":\"BreadcrumbList\",\"@id\":\"https:\\\/\\\/cowrent.lt\\\/product\\\/hyundai-ioniq-2\\\/#breadcrumb\",\"itemListElement\":[{\"@type\":\"ListItem\",\"position\":1,\"name\":\"Home\",\"item\":\"https:\\\/\\\/cowrent.lt\\\/\"},{\"@type\":\"ListItem\",\"position\":2,\"name\":\"Rezervacija\",\"item\":\"https:\\\/\\\/cowrent.lt\\\/reservation\\\/\"},{\"@type\":\"ListItem\",\"position\":3,\"name\":\"Hyundai Ioniq\"}]},{\"@type\":\"WebSite\",\"@id\":\"https:\\\/\\\/cowrent.lt\\\/#website\",\"url\":\"https:\\\/\\\/cowrent.lt\\\/\",\"name\":\"cowrent.lightningbasehosted.com\",\"description\":\"Patikima automobili\u0173 nuoma Lietuvoje!\",\"publisher\":{\"@id\":\"https:\\\/\\\/cowrent.lt\\\/#organization\"},\"potentialAction\":[{\"@type\":\"SearchAction\",\"target\":{\"@type\":\"EntryPoint\",\"urlTemplate\":\"https:\\\/\\\/cowrent.lt\\\/?s={search_term_string}\"},\"query-input\":{\"@type\":\"PropertyValueSpecification\",\"valueRequired\":true,\"valueName\":\"search_term_string\"}}],\"inLanguage\":\"en-US\"},{\"@type\":\"Organization\",\"@id\":\"https:\\\/\\\/cowrent.lt\\\/#organization\",\"name\":\"cowrent.lightningbasehosted.com\",\"url\":\"https:\\\/\\\/cowrent.lt\\\/\",\"logo\":{\"@type\":\"ImageObject\",\"inLanguage\":\"en-US\",\"@id\":\"https:\\\/\\\/cowrent.lt\\\/#\\\/schema\\\/logo\\\/image\\\/\",\"url\":\"https:\\\/\\\/cowrent.lt\\\/wp-content\\\/uploads\\\/2025\\\/12\\\/cropped-Cowrent-Profile-picture-Color-Black-backround.jpg\",\"contentUrl\":\"https:\\\/\\\/cowrent.lt\\\/wp-content\\\/uploads\\\/2025\\\/12\\\/cropped-Cowrent-Profile-picture-Color-Black-backround.jpg\",\"width\":512,\"height\":512,\"caption\":\"cowrent.lightningbasehosted.com\"},\"image\":{\"@id\":\"https:\\\/\\\/cowrent.lt\\\/#\\\/schema\\\/logo\\\/image\\\/\"},\"sameAs\":[\"https:\\\/\\\/www.facebook.com\\\/ADTransport.UAB\",\"https:\\\/\\\/www.linkedin.com\\\/company\\\/ad-transport\\\/\"]}]}<\/script>\n<!-- \/ Yoast SEO Premium plugin. -->","yoast_head_json":{"title":"Hyundai Ioniq - Cowrent.lt","robots":{"index":"index","follow":"follow","max-snippet":"max-snippet:-1","max-image-preview":"max-image-preview:large","max-video-preview":"max-video-preview:-1"},"canonical":"https:\/\/cowrent.lt\/en\/product\/hyundai-ioniq-2\/","og_locale":"en_US","og_type":"article","og_title":"Hyundai Ioniq","og_description":"Ekonominis Hyundai Ioniq arba pana\u0161us  2017 pagaminimo metai  Automatin\u0117 pavar\u0173 de\u017e\u0117  Benzinas  Oro kondicionierius  Kasko draudimas  Atsiimant automobil\u012f, rezervuojamas 400 Eur depozitas.","og_url":"https:\/\/cowrent.lt\/en\/product\/hyundai-ioniq-2\/","og_site_name":"Cowrent.lt","article_publisher":"https:\/\/www.facebook.com\/ADTransport.UAB","article_modified_time":"2026-03-24T09:45:32+00:00","og_image":[{"width":1536,"height":1024,"url":"https:\/\/cowrent.lt\/wp-content\/uploads\/2025\/10\/ChatGPT-Image-Feb-26-2026-10_01_18-AM.png","type":"image\/png"}],"twitter_card":"summary_large_image","twitter_misc":{"Est. reading time":"1 minute"},"schema":{"@context":"https:\/\/schema.org","@graph":[{"@type":"WebPage","@id":"https:\/\/cowrent.lt\/product\/hyundai-ioniq-2\/","url":"https:\/\/cowrent.lt\/product\/hyundai-ioniq-2\/","name":"Hyundai Ioniq - Cowrent.lt","isPartOf":{"@id":"https:\/\/cowrent.lt\/#website"},"primaryImageOfPage":{"@id":"https:\/\/cowrent.lt\/product\/hyundai-ioniq-2\/#primaryimage"},"image":{"@id":"https:\/\/cowrent.lt\/product\/hyundai-ioniq-2\/#primaryimage"},"thumbnailUrl":"https:\/\/cowrent.lt\/wp-content\/uploads\/2025\/10\/ChatGPT-Image-Feb-26-2026-10_01_18-AM.png","datePublished":"2025-10-21T14:34:29+00:00","dateModified":"2026-03-24T09:45:32+00:00","breadcrumb":{"@id":"https:\/\/cowrent.lt\/product\/hyundai-ioniq-2\/#breadcrumb"},"inLanguage":"en-US","potentialAction":[{"@type":"ReadAction","target":["https:\/\/cowrent.lt\/product\/hyundai-ioniq-2\/"]}]},{"@type":"ImageObject","inLanguage":"en-US","@id":"https:\/\/cowrent.lt\/product\/hyundai-ioniq-2\/#primaryimage","url":"https:\/\/cowrent.lt\/wp-content\/uploads\/2025\/10\/ChatGPT-Image-Feb-26-2026-10_01_18-AM.png","contentUrl":"https:\/\/cowrent.lt\/wp-content\/uploads\/2025\/10\/ChatGPT-Image-Feb-26-2026-10_01_18-AM.png","width":1536,"height":1024},{"@type":"BreadcrumbList","@id":"https:\/\/cowrent.lt\/product\/hyundai-ioniq-2\/#breadcrumb","itemListElement":[{"@type":"ListItem","position":1,"name":"Home","item":"https:\/\/cowrent.lt\/"},{"@type":"ListItem","position":2,"name":"Rezervacija","item":"https:\/\/cowrent.lt\/reservation\/"},{"@type":"ListItem","position":3,"name":"Hyundai Ioniq"}]},{"@type":"WebSite","@id":"https:\/\/cowrent.lt\/#website","url":"https:\/\/cowrent.lt\/","name":"cowrent.lightningbasehosted.com","description":"Reliable car rental in Lithuania!","publisher":{"@id":"https:\/\/cowrent.lt\/#organization"},"potentialAction":[{"@type":"SearchAction","target":{"@type":"EntryPoint","urlTemplate":"https:\/\/cowrent.lt\/?s={search_term_string}"},"query-input":{"@type":"PropertyValueSpecification","valueRequired":true,"valueName":"search_term_string"}}],"inLanguage":"en-US"},{"@type":"Organization","@id":"https:\/\/cowrent.lt\/#organization","name":"cowrent.lightningbasehosted.com","url":"https:\/\/cowrent.lt\/","logo":{"@type":"ImageObject","inLanguage":"en-US","@id":"https:\/\/cowrent.lt\/#\/schema\/logo\/image\/","url":"https:\/\/cowrent.lt\/wp-content\/uploads\/2025\/12\/cropped-Cowrent-Profile-picture-Color-Black-backround.jpg","contentUrl":"https:\/\/cowrent.lt\/wp-content\/uploads\/2025\/12\/cropped-Cowrent-Profile-picture-Color-Black-backround.jpg","width":512,"height":512,"caption":"cowrent.lightningbasehosted.com"},"image":{"@id":"https:\/\/cowrent.lt\/#\/schema\/logo\/image\/"},"sameAs":["https:\/\/www.facebook.com\/ADTransport.UAB","https:\/\/www.linkedin.com\/company\/ad-transport\/"]}]}},"_links":{"self":[{"href":"https:\/\/cowrent.lt\/en\/wp-json\/wp\/v2\/product\/1389","targetHints":{"allow":["GET"]}}],"collection":[{"href":"https:\/\/cowrent.lt\/en\/wp-json\/wp\/v2\/product"}],"about":[{"href":"https:\/\/cowrent.lt\/en\/wp-json\/wp\/v2\/types\/product"}],"replies":[{"embeddable":true,"href":"https:\/\/cowrent.lt\/en\/wp-json\/wp\/v2\/comments?post=1389"}],"version-history":[{"count":0,"href":"https:\/\/cowrent.lt\/en\/wp-json\/wp\/v2\/product\/1389\/revisions"}],"wp:featuredmedia":[{"embeddable":true,"href":"https:\/\/cowrent.lt\/en\/wp-json\/wp\/v2\/media\/2565"}],"wp:attachment":[{"href":"https:\/\/cowrent.lt\/en\/wp-json\/wp\/v2\/media?parent=1389"}],"wp:term":[{"taxonomy":"product_brand","embeddable":true,"href":"https:\/\/cowrent.lt\/en\/wp-json\/wp\/v2\/product_brand?post=1389"},{"taxonomy":"product_cat","embeddable":true,"href":"https:\/\/cowrent.lt\/en\/wp-json\/wp\/v2\/product_cat?post=1389"},{"taxonomy":"product_tag","embeddable":true,"href":"https:\/\/cowrent.lt\/en\/wp-json\/wp\/v2\/product_tag?post=1389"}],"curies":[{"name":"wp","href":"https:\/\/api.w.org\/{rel}","templated":true}]}}