{"id":1399,"date":"2025-10-31T08:00:55","date_gmt":"2025-10-31T08:00:55","guid":{"rendered":"https:\/\/cowrent.lightningbasehosted.com\/?post_type=product&#038;p=1399"},"modified":"2026-02-26T03:40:54","modified_gmt":"2026-02-26T03:40:54","slug":"mb-v-class-new","status":"publish","type":"product","link":"https:\/\/cowrent.lt\/en\/product\/mb-v-class-new\/","title":{"rendered":"MB V-CLASS (New!)"},"content":{"rendered":"<p data-start=\"92\" data-end=\"388\"><strong data-start=\"92\" data-end=\"165\">The ultra-luxurious and exceptionally comfortable Mercedes-Benz V-Class 2025<\/strong> - the premium choice for journeys where comfort is key. <strong data-start=\"243\" data-end=\"271\">7 spacious seats<\/strong>With a high-quality cabin and a well thought-out interior, you can enjoy every kilometre, even on the longest routes.<\/p>\n<p data-start=\"390\" data-end=\"567\"><strong data-start=\"390\" data-end=\"409\">140 kW engine<\/strong> ensures a quiet, smooth and stable ride in both urban and urban areas, while the high level of ride comfort allows both driver and passengers to relax.<\/p>\n<p data-start=\"569\" data-end=\"676\">Car rental with <strong data-start=\"595\" data-end=\"613\">CASCO insurance<\/strong>so you can travel with complete peace of mind, without any additional worries.<\/p>\n<p data-start=\"678\" data-end=\"802\"><strong data-start=\"678\" data-end=\"688\">Tinka:<\/strong><br data-start=\"688\" data-end=\"691\" \/>- for a comfortable family holiday<br data-start=\"724\" data-end=\"727\" \/>- for high-level trips with friends<br data-start=\"763\" data-end=\"766\" \/>- for representative working trips<\/p>\n<p data-start=\"804\" data-end=\"869\" data-is-last-node=\"\" data-is-only-node=\"\"><strong data-start=\"804\" data-end=\"829\">Mercedes-Benz V-Class<\/strong> - when travelling becomes an experience of comfort.<\/p>","protected":false},"excerpt":{"rendered":"<ul>\n<li><strong>Business Class<\/strong><\/li>\n<li><strong>Minibus MB V - CLASS <\/strong><em>or similar<\/em><\/li>\n<li><strong>Year of construction 2025<\/strong><\/li>\n<li><strong>Automatic gearbox<\/strong><\/li>\n<li><strong>Diesel<\/strong><\/li>\n<li><strong>Air conditioning<\/strong><\/li>\n<li><strong>Casco insurance<\/strong><\/li>\n<li>Reservations are made at the time of picking up the car <strong data-start=\"911\" data-end=\"932\">400 EUR deposit<\/strong>.<\/li>\n<\/ul>","protected":false},"featured_media":2563,"comment_status":"open","ping_status":"closed","template":"","meta":{"_acf_changed":false},"product_brand":[],"product_cat":[15],"product_tag":[],"class_list":{"0":"post-1399","1":"product","2":"type-product","3":"status-publish","4":"has-post-thumbnail","6":"product_cat-uncategorized","8":"first","9":"instock","10":"taxable","11":"shipping-taxable","12":"purchasable","13":"product-type-variable"},"acf":[],"yoast_head":"<!-- This site is optimized with the Yoast SEO Premium plugin v25.8 (Yoast SEO v27.4) - https:\/\/yoast.com\/product\/yoast-seo-premium-wordpress\/ -->\n<title>MB V-CLASS (New!) - Cowrent.lt<\/title>\n<meta name=\"description\" content=\"Patikima mikroautobus\u0173 nuoma. Prabangus 7 viet\u0173 Mercedes-Benz Vito \u2013 verslo kelion\u0117s, \u0161eimos i\u0161kylos, \u0161vent\u0117s. Daugiau nei 1000 patenkint\u0173 klient\u0173!\" \/>\n<meta name=\"robots\" content=\"index, follow, max-snippet:-1, max-image-preview:large, max-video-preview:-1\" \/>\n<link rel=\"canonical\" href=\"https:\/\/cowrent.lt\/en\/product\/mb-v-class-new\/\" \/>\n<meta property=\"og:locale\" content=\"en_US\" \/>\n<meta property=\"og:type\" content=\"article\" \/>\n<meta property=\"og:title\" content=\"MB V-CLASS (New!)\" \/>\n<meta property=\"og:description\" content=\"Patikima mikroautobus\u0173 nuoma. Prabangus 7 viet\u0173 Mercedes-Benz Vito \u2013 verslo kelion\u0117s, \u0161eimos i\u0161kylos, \u0161vent\u0117s. Daugiau nei 1000 patenkint\u0173 klient\u0173!\" \/>\n<meta property=\"og:url\" content=\"https:\/\/cowrent.lt\/en\/product\/mb-v-class-new\/\" \/>\n<meta property=\"og:site_name\" content=\"Cowrent.lt\" \/>\n<meta property=\"article:publisher\" content=\"https:\/\/www.facebook.com\/ADTransport.UAB\" \/>\n<meta property=\"article:modified_time\" content=\"2026-02-26T03:40:54+00:00\" \/>\n<meta property=\"og:image\" content=\"https:\/\/cowrent.lt\/wp-content\/uploads\/2025\/10\/ChatGPT-Image-Feb-26-2026-10_39_06-AM.png\" \/>\n\t<meta property=\"og:image:width\" content=\"1536\" \/>\n\t<meta property=\"og:image:height\" content=\"1024\" \/>\n\t<meta property=\"og:image:type\" content=\"image\/png\" \/>\n<meta name=\"twitter:card\" content=\"summary_large_image\" \/>\n<meta name=\"twitter:label1\" content=\"Est. reading time\" \/>\n\t<meta name=\"twitter:data1\" content=\"1 minute\" \/>\n<script type=\"application\/ld+json\" class=\"yoast-schema-graph\">{\"@context\":\"https:\\\/\\\/schema.org\",\"@graph\":[{\"@type\":\"WebPage\",\"@id\":\"https:\\\/\\\/cowrent.lt\\\/product\\\/mb-v-class-new\\\/\",\"url\":\"https:\\\/\\\/cowrent.lt\\\/product\\\/mb-v-class-new\\\/\",\"name\":\"MB V-CLASS (New!) - Cowrent.lt\",\"isPartOf\":{\"@id\":\"https:\\\/\\\/cowrent.lt\\\/#website\"},\"primaryImageOfPage\":{\"@id\":\"https:\\\/\\\/cowrent.lt\\\/product\\\/mb-v-class-new\\\/#primaryimage\"},\"image\":{\"@id\":\"https:\\\/\\\/cowrent.lt\\\/product\\\/mb-v-class-new\\\/#primaryimage\"},\"thumbnailUrl\":\"https:\\\/\\\/cowrent.lt\\\/wp-content\\\/uploads\\\/2025\\\/10\\\/ChatGPT-Image-Feb-26-2026-10_39_06-AM.png\",\"datePublished\":\"2025-10-31T08:00:55+00:00\",\"dateModified\":\"2026-02-26T03:40:54+00:00\",\"description\":\"Patikima mikroautobus\u0173 nuoma. Prabangus 7 viet\u0173 Mercedes-Benz Vito \u2013 verslo kelion\u0117s, \u0161eimos i\u0161kylos, \u0161vent\u0117s. Daugiau nei 1000 patenkint\u0173 klient\u0173!\",\"breadcrumb\":{\"@id\":\"https:\\\/\\\/cowrent.lt\\\/product\\\/mb-v-class-new\\\/#breadcrumb\"},\"inLanguage\":\"en-US\",\"potentialAction\":[{\"@type\":\"ReadAction\",\"target\":[\"https:\\\/\\\/cowrent.lt\\\/product\\\/mb-v-class-new\\\/\"]}]},{\"@type\":\"ImageObject\",\"inLanguage\":\"en-US\",\"@id\":\"https:\\\/\\\/cowrent.lt\\\/product\\\/mb-v-class-new\\\/#primaryimage\",\"url\":\"https:\\\/\\\/cowrent.lt\\\/wp-content\\\/uploads\\\/2025\\\/10\\\/ChatGPT-Image-Feb-26-2026-10_39_06-AM.png\",\"contentUrl\":\"https:\\\/\\\/cowrent.lt\\\/wp-content\\\/uploads\\\/2025\\\/10\\\/ChatGPT-Image-Feb-26-2026-10_39_06-AM.png\",\"width\":1536,\"height\":1024},{\"@type\":\"BreadcrumbList\",\"@id\":\"https:\\\/\\\/cowrent.lt\\\/product\\\/mb-v-class-new\\\/#breadcrumb\",\"itemListElement\":[{\"@type\":\"ListItem\",\"position\":1,\"name\":\"Home\",\"item\":\"https:\\\/\\\/cowrent.lt\\\/\"},{\"@type\":\"ListItem\",\"position\":2,\"name\":\"Rezervacija\",\"item\":\"https:\\\/\\\/cowrent.lt\\\/reservation\\\/\"},{\"@type\":\"ListItem\",\"position\":3,\"name\":\"MB V-CLASS (New!)\"}]},{\"@type\":\"WebSite\",\"@id\":\"https:\\\/\\\/cowrent.lt\\\/#website\",\"url\":\"https:\\\/\\\/cowrent.lt\\\/\",\"name\":\"cowrent.lightningbasehosted.com\",\"description\":\"Patikima automobili\u0173 nuoma Lietuvoje!\",\"publisher\":{\"@id\":\"https:\\\/\\\/cowrent.lt\\\/#organization\"},\"potentialAction\":[{\"@type\":\"SearchAction\",\"target\":{\"@type\":\"EntryPoint\",\"urlTemplate\":\"https:\\\/\\\/cowrent.lt\\\/?s={search_term_string}\"},\"query-input\":{\"@type\":\"PropertyValueSpecification\",\"valueRequired\":true,\"valueName\":\"search_term_string\"}}],\"inLanguage\":\"en-US\"},{\"@type\":\"Organization\",\"@id\":\"https:\\\/\\\/cowrent.lt\\\/#organization\",\"name\":\"cowrent.lightningbasehosted.com\",\"url\":\"https:\\\/\\\/cowrent.lt\\\/\",\"logo\":{\"@type\":\"ImageObject\",\"inLanguage\":\"en-US\",\"@id\":\"https:\\\/\\\/cowrent.lt\\\/#\\\/schema\\\/logo\\\/image\\\/\",\"url\":\"https:\\\/\\\/cowrent.lt\\\/wp-content\\\/uploads\\\/2025\\\/12\\\/cropped-Cowrent-Profile-picture-Color-Black-backround.jpg\",\"contentUrl\":\"https:\\\/\\\/cowrent.lt\\\/wp-content\\\/uploads\\\/2025\\\/12\\\/cropped-Cowrent-Profile-picture-Color-Black-backround.jpg\",\"width\":512,\"height\":512,\"caption\":\"cowrent.lightningbasehosted.com\"},\"image\":{\"@id\":\"https:\\\/\\\/cowrent.lt\\\/#\\\/schema\\\/logo\\\/image\\\/\"},\"sameAs\":[\"https:\\\/\\\/www.facebook.com\\\/ADTransport.UAB\",\"https:\\\/\\\/www.linkedin.com\\\/company\\\/ad-transport\\\/\"]}]}<\/script>\n<!-- \/ Yoast SEO Premium plugin. -->","yoast_head_json":{"title":"MB V-CLASS (New!) - Cowrent.lt","description":"Patikima mikroautobus\u0173 nuoma. Prabangus 7 viet\u0173 Mercedes-Benz Vito \u2013 verslo kelion\u0117s, \u0161eimos i\u0161kylos, \u0161vent\u0117s. Daugiau nei 1000 patenkint\u0173 klient\u0173!","robots":{"index":"index","follow":"follow","max-snippet":"max-snippet:-1","max-image-preview":"max-image-preview:large","max-video-preview":"max-video-preview:-1"},"canonical":"https:\/\/cowrent.lt\/en\/product\/mb-v-class-new\/","og_locale":"en_US","og_type":"article","og_title":"MB V-CLASS (New!)","og_description":"Patikima mikroautobus\u0173 nuoma. Prabangus 7 viet\u0173 Mercedes-Benz Vito \u2013 verslo kelion\u0117s, \u0161eimos i\u0161kylos, \u0161vent\u0117s. Daugiau nei 1000 patenkint\u0173 klient\u0173!","og_url":"https:\/\/cowrent.lt\/en\/product\/mb-v-class-new\/","og_site_name":"Cowrent.lt","article_publisher":"https:\/\/www.facebook.com\/ADTransport.UAB","article_modified_time":"2026-02-26T03:40:54+00:00","og_image":[{"width":1536,"height":1024,"url":"https:\/\/cowrent.lt\/wp-content\/uploads\/2025\/10\/ChatGPT-Image-Feb-26-2026-10_39_06-AM.png","type":"image\/png"}],"twitter_card":"summary_large_image","twitter_misc":{"Est. reading time":"1 minute"},"schema":{"@context":"https:\/\/schema.org","@graph":[{"@type":"WebPage","@id":"https:\/\/cowrent.lt\/product\/mb-v-class-new\/","url":"https:\/\/cowrent.lt\/product\/mb-v-class-new\/","name":"MB V-CLASS (New!) - Cowrent.lt","isPartOf":{"@id":"https:\/\/cowrent.lt\/#website"},"primaryImageOfPage":{"@id":"https:\/\/cowrent.lt\/product\/mb-v-class-new\/#primaryimage"},"image":{"@id":"https:\/\/cowrent.lt\/product\/mb-v-class-new\/#primaryimage"},"thumbnailUrl":"https:\/\/cowrent.lt\/wp-content\/uploads\/2025\/10\/ChatGPT-Image-Feb-26-2026-10_39_06-AM.png","datePublished":"2025-10-31T08:00:55+00:00","dateModified":"2026-02-26T03:40:54+00:00","description":"Patikima mikroautobus\u0173 nuoma. Prabangus 7 viet\u0173 Mercedes-Benz Vito \u2013 verslo kelion\u0117s, \u0161eimos i\u0161kylos, \u0161vent\u0117s. Daugiau nei 1000 patenkint\u0173 klient\u0173!","breadcrumb":{"@id":"https:\/\/cowrent.lt\/product\/mb-v-class-new\/#breadcrumb"},"inLanguage":"en-US","potentialAction":[{"@type":"ReadAction","target":["https:\/\/cowrent.lt\/product\/mb-v-class-new\/"]}]},{"@type":"ImageObject","inLanguage":"en-US","@id":"https:\/\/cowrent.lt\/product\/mb-v-class-new\/#primaryimage","url":"https:\/\/cowrent.lt\/wp-content\/uploads\/2025\/10\/ChatGPT-Image-Feb-26-2026-10_39_06-AM.png","contentUrl":"https:\/\/cowrent.lt\/wp-content\/uploads\/2025\/10\/ChatGPT-Image-Feb-26-2026-10_39_06-AM.png","width":1536,"height":1024},{"@type":"BreadcrumbList","@id":"https:\/\/cowrent.lt\/product\/mb-v-class-new\/#breadcrumb","itemListElement":[{"@type":"ListItem","position":1,"name":"Home","item":"https:\/\/cowrent.lt\/"},{"@type":"ListItem","position":2,"name":"Rezervacija","item":"https:\/\/cowrent.lt\/reservation\/"},{"@type":"ListItem","position":3,"name":"MB V-CLASS (New!)"}]},{"@type":"WebSite","@id":"https:\/\/cowrent.lt\/#website","url":"https:\/\/cowrent.lt\/","name":"cowrent.lightningbasehosted.com","description":"Reliable car rental in Lithuania!","publisher":{"@id":"https:\/\/cowrent.lt\/#organization"},"potentialAction":[{"@type":"SearchAction","target":{"@type":"EntryPoint","urlTemplate":"https:\/\/cowrent.lt\/?s={search_term_string}"},"query-input":{"@type":"PropertyValueSpecification","valueRequired":true,"valueName":"search_term_string"}}],"inLanguage":"en-US"},{"@type":"Organization","@id":"https:\/\/cowrent.lt\/#organization","name":"cowrent.lightningbasehosted.com","url":"https:\/\/cowrent.lt\/","logo":{"@type":"ImageObject","inLanguage":"en-US","@id":"https:\/\/cowrent.lt\/#\/schema\/logo\/image\/","url":"https:\/\/cowrent.lt\/wp-content\/uploads\/2025\/12\/cropped-Cowrent-Profile-picture-Color-Black-backround.jpg","contentUrl":"https:\/\/cowrent.lt\/wp-content\/uploads\/2025\/12\/cropped-Cowrent-Profile-picture-Color-Black-backround.jpg","width":512,"height":512,"caption":"cowrent.lightningbasehosted.com"},"image":{"@id":"https:\/\/cowrent.lt\/#\/schema\/logo\/image\/"},"sameAs":["https:\/\/www.facebook.com\/ADTransport.UAB","https:\/\/www.linkedin.com\/company\/ad-transport\/"]}]}},"_links":{"self":[{"href":"https:\/\/cowrent.lt\/en\/wp-json\/wp\/v2\/product\/1399","targetHints":{"allow":["GET"]}}],"collection":[{"href":"https:\/\/cowrent.lt\/en\/wp-json\/wp\/v2\/product"}],"about":[{"href":"https:\/\/cowrent.lt\/en\/wp-json\/wp\/v2\/types\/product"}],"replies":[{"embeddable":true,"href":"https:\/\/cowrent.lt\/en\/wp-json\/wp\/v2\/comments?post=1399"}],"version-history":[{"count":0,"href":"https:\/\/cowrent.lt\/en\/wp-json\/wp\/v2\/product\/1399\/revisions"}],"wp:featuredmedia":[{"embeddable":true,"href":"https:\/\/cowrent.lt\/en\/wp-json\/wp\/v2\/media\/2563"}],"wp:attachment":[{"href":"https:\/\/cowrent.lt\/en\/wp-json\/wp\/v2\/media?parent=1399"}],"wp:term":[{"taxonomy":"product_brand","embeddable":true,"href":"https:\/\/cowrent.lt\/en\/wp-json\/wp\/v2\/product_brand?post=1399"},{"taxonomy":"product_cat","embeddable":true,"href":"https:\/\/cowrent.lt\/en\/wp-json\/wp\/v2\/product_cat?post=1399"},{"taxonomy":"product_tag","embeddable":true,"href":"https:\/\/cowrent.lt\/en\/wp-json\/wp\/v2\/product_tag?post=1399"}],"curies":[{"name":"wp","href":"https:\/\/api.w.org\/{rel}","templated":true}]}}