{"id":1450,"date":"2025-11-24T11:36:53","date_gmt":"2025-11-24T11:36:53","guid":{"rendered":"https:\/\/cowrent.lightningbasehosted.com\/?post_type=product&#038;p=1450"},"modified":"2026-03-24T09:40:31","modified_gmt":"2026-03-24T09:40:31","slug":"toyota-proace-2025-new","status":"publish","type":"product","link":"https:\/\/cowrent.lt\/en\/product\/toyota-proace-2025-new\/","title":{"rendered":"Toyota Proace 2025 (New)"},"content":{"rendered":"<p data-start=\"72\" data-end=\"312\">Modern and comfortable <strong data-start=\"97\" data-end=\"119\">Toyota Proace 2025<\/strong> - the perfect choice for family trips, friends' trips or longer journeys. <strong data-start=\"202\" data-end=\"222\">8 seats<\/strong> ensures that everyone travels in comfort, while the spacious cabin makes it easy to accommodate luggage.<\/p>\n<p data-start=\"338\" data-end=\"495\"><strong data-start=\"338\" data-end=\"357\">130 kW engine<\/strong> provides a smooth and stable ride in both city and countryside driving, making it ideal for both short and longer journeys.<\/p>\n<p data-start=\"497\" data-end=\"611\">Car rental with <strong data-start=\"523\" data-end=\"541\">CASCO insurance<\/strong>so you can feel at ease and enjoy your journey without any extra worries.<\/p>\n<p data-start=\"613\" data-end=\"692\"><strong data-start=\"613\" data-end=\"623\">Tinka:<\/strong><br data-start=\"623\" data-end=\"626\" \/>- for family holidays<br data-start=\"645\" data-end=\"648\" \/>- for trips with friends<br data-start=\"671\" data-end=\"674\" \/>- for work trips<\/p>\n<p data-start=\"694\" data-end=\"757\" data-is-last-node=\"\" data-is-only-node=\"\"><strong data-start=\"694\" data-end=\"711\">Toyota Proace<\/strong> - more space and more freedom to travel.<\/p>\n<ul>\n<li><em>A deposit of EUR 400 is required at the time of pick-up.<\/em><\/li>\n<\/ul>","protected":false},"excerpt":{"rendered":"<ul class=\"car-features\">\n<li style=\"text-align: left;\"><strong>Minibus Toyota Proace <\/strong><em>or similar<\/em><\/li>\n<li><strong>Year of construction 2025<\/strong><\/li>\n<li><strong>Automatic gearbox<\/strong><\/li>\n<li><strong>Diesel<\/strong><\/li>\n<li><strong>Air conditioning<\/strong><\/li>\n<li><strong>Casco insurance<\/strong><\/li>\n<li>Reservations are made at the time of picking up the car <strong data-start=\"911\" data-end=\"932\">400 EUR deposit<\/strong>.<\/li>\n<\/ul>","protected":false},"featured_media":2577,"comment_status":"open","ping_status":"closed","template":"","meta":{"_acf_changed":false},"product_brand":[],"product_cat":[15],"product_tag":[],"class_list":{"0":"post-1450","1":"product","2":"type-product","3":"status-publish","4":"has-post-thumbnail","6":"product_cat-uncategorized","8":"first","9":"instock","10":"taxable","11":"shipping-taxable","12":"purchasable","13":"product-type-variable"},"acf":[],"yoast_head":"<!-- This site is optimized with the Yoast SEO Premium plugin v25.8 (Yoast SEO v27.4) - https:\/\/yoast.com\/product\/yoast-seo-premium-wordpress\/ -->\n<title>Toyota Proace 2025 (New) - Cowrent.lt<\/title>\n<meta name=\"robots\" content=\"index, follow, max-snippet:-1, max-image-preview:large, max-video-preview:-1\" \/>\n<link rel=\"canonical\" href=\"https:\/\/cowrent.lt\/en\/product\/toyota-proace-2025-new\/\" \/>\n<meta property=\"og:locale\" content=\"en_US\" \/>\n<meta property=\"og:type\" content=\"article\" \/>\n<meta property=\"og:title\" content=\"Toyota Proace 2025 (New)\" \/>\n<meta property=\"og:description\" content=\"Mikroautobusas Toyota Proace arba pana\u0161us  2025 pagaminimo metai  Automatin\u0117 pavar\u0173 de\u017e\u0117  Dyzelis  Oro kondicionierius  Kasko draudimas  Atsiimant automobil\u012f, rezervuojamas 400 Eur depozitas.\" \/>\n<meta property=\"og:url\" content=\"https:\/\/cowrent.lt\/en\/product\/toyota-proace-2025-new\/\" \/>\n<meta property=\"og:site_name\" content=\"Cowrent.lt\" \/>\n<meta property=\"article:publisher\" content=\"https:\/\/www.facebook.com\/ADTransport.UAB\" \/>\n<meta property=\"article:modified_time\" content=\"2026-03-24T09:40:31+00:00\" \/>\n<meta property=\"og:image\" content=\"https:\/\/cowrent.lt\/wp-content\/uploads\/2025\/11\/ChatGPT-Image-Feb-26-2026-10_59_54-AM.png\" \/>\n\t<meta property=\"og:image:width\" content=\"1536\" \/>\n\t<meta property=\"og:image:height\" content=\"1024\" \/>\n\t<meta property=\"og:image:type\" content=\"image\/png\" \/>\n<meta name=\"twitter:card\" content=\"summary_large_image\" \/>\n<meta name=\"twitter:label1\" content=\"Est. reading time\" \/>\n\t<meta name=\"twitter:data1\" content=\"1 minute\" \/>\n<script type=\"application\/ld+json\" class=\"yoast-schema-graph\">{\"@context\":\"https:\\\/\\\/schema.org\",\"@graph\":[{\"@type\":\"WebPage\",\"@id\":\"https:\\\/\\\/cowrent.lt\\\/product\\\/toyota-proace-2025-new\\\/\",\"url\":\"https:\\\/\\\/cowrent.lt\\\/product\\\/toyota-proace-2025-new\\\/\",\"name\":\"Toyota Proace 2025 (New) - Cowrent.lt\",\"isPartOf\":{\"@id\":\"https:\\\/\\\/cowrent.lt\\\/#website\"},\"primaryImageOfPage\":{\"@id\":\"https:\\\/\\\/cowrent.lt\\\/product\\\/toyota-proace-2025-new\\\/#primaryimage\"},\"image\":{\"@id\":\"https:\\\/\\\/cowrent.lt\\\/product\\\/toyota-proace-2025-new\\\/#primaryimage\"},\"thumbnailUrl\":\"https:\\\/\\\/cowrent.lt\\\/wp-content\\\/uploads\\\/2025\\\/11\\\/ChatGPT-Image-Feb-26-2026-10_59_54-AM.png\",\"datePublished\":\"2025-11-24T11:36:53+00:00\",\"dateModified\":\"2026-03-24T09:40:31+00:00\",\"breadcrumb\":{\"@id\":\"https:\\\/\\\/cowrent.lt\\\/product\\\/toyota-proace-2025-new\\\/#breadcrumb\"},\"inLanguage\":\"en-US\",\"potentialAction\":[{\"@type\":\"ReadAction\",\"target\":[\"https:\\\/\\\/cowrent.lt\\\/product\\\/toyota-proace-2025-new\\\/\"]}]},{\"@type\":\"ImageObject\",\"inLanguage\":\"en-US\",\"@id\":\"https:\\\/\\\/cowrent.lt\\\/product\\\/toyota-proace-2025-new\\\/#primaryimage\",\"url\":\"https:\\\/\\\/cowrent.lt\\\/wp-content\\\/uploads\\\/2025\\\/11\\\/ChatGPT-Image-Feb-26-2026-10_59_54-AM.png\",\"contentUrl\":\"https:\\\/\\\/cowrent.lt\\\/wp-content\\\/uploads\\\/2025\\\/11\\\/ChatGPT-Image-Feb-26-2026-10_59_54-AM.png\",\"width\":1536,\"height\":1024},{\"@type\":\"BreadcrumbList\",\"@id\":\"https:\\\/\\\/cowrent.lt\\\/product\\\/toyota-proace-2025-new\\\/#breadcrumb\",\"itemListElement\":[{\"@type\":\"ListItem\",\"position\":1,\"name\":\"Home\",\"item\":\"https:\\\/\\\/cowrent.lt\\\/\"},{\"@type\":\"ListItem\",\"position\":2,\"name\":\"Rezervacija\",\"item\":\"https:\\\/\\\/cowrent.lt\\\/reservation\\\/\"},{\"@type\":\"ListItem\",\"position\":3,\"name\":\"Toyota Proace 2025 (New)\"}]},{\"@type\":\"WebSite\",\"@id\":\"https:\\\/\\\/cowrent.lt\\\/#website\",\"url\":\"https:\\\/\\\/cowrent.lt\\\/\",\"name\":\"cowrent.lightningbasehosted.com\",\"description\":\"Patikima automobili\u0173 nuoma Lietuvoje!\",\"publisher\":{\"@id\":\"https:\\\/\\\/cowrent.lt\\\/#organization\"},\"potentialAction\":[{\"@type\":\"SearchAction\",\"target\":{\"@type\":\"EntryPoint\",\"urlTemplate\":\"https:\\\/\\\/cowrent.lt\\\/?s={search_term_string}\"},\"query-input\":{\"@type\":\"PropertyValueSpecification\",\"valueRequired\":true,\"valueName\":\"search_term_string\"}}],\"inLanguage\":\"en-US\"},{\"@type\":\"Organization\",\"@id\":\"https:\\\/\\\/cowrent.lt\\\/#organization\",\"name\":\"cowrent.lightningbasehosted.com\",\"url\":\"https:\\\/\\\/cowrent.lt\\\/\",\"logo\":{\"@type\":\"ImageObject\",\"inLanguage\":\"en-US\",\"@id\":\"https:\\\/\\\/cowrent.lt\\\/#\\\/schema\\\/logo\\\/image\\\/\",\"url\":\"https:\\\/\\\/cowrent.lt\\\/wp-content\\\/uploads\\\/2025\\\/12\\\/cropped-Cowrent-Profile-picture-Color-Black-backround.jpg\",\"contentUrl\":\"https:\\\/\\\/cowrent.lt\\\/wp-content\\\/uploads\\\/2025\\\/12\\\/cropped-Cowrent-Profile-picture-Color-Black-backround.jpg\",\"width\":512,\"height\":512,\"caption\":\"cowrent.lightningbasehosted.com\"},\"image\":{\"@id\":\"https:\\\/\\\/cowrent.lt\\\/#\\\/schema\\\/logo\\\/image\\\/\"},\"sameAs\":[\"https:\\\/\\\/www.facebook.com\\\/ADTransport.UAB\",\"https:\\\/\\\/www.linkedin.com\\\/company\\\/ad-transport\\\/\"]}]}<\/script>\n<!-- \/ Yoast SEO Premium plugin. -->","yoast_head_json":{"title":"Toyota Proace 2025 (New) - Cowrent.lt","robots":{"index":"index","follow":"follow","max-snippet":"max-snippet:-1","max-image-preview":"max-image-preview:large","max-video-preview":"max-video-preview:-1"},"canonical":"https:\/\/cowrent.lt\/en\/product\/toyota-proace-2025-new\/","og_locale":"en_US","og_type":"article","og_title":"Toyota Proace 2025 (New)","og_description":"Mikroautobusas Toyota Proace arba pana\u0161us  2025 pagaminimo metai  Automatin\u0117 pavar\u0173 de\u017e\u0117  Dyzelis  Oro kondicionierius  Kasko draudimas  Atsiimant automobil\u012f, rezervuojamas 400 Eur depozitas.","og_url":"https:\/\/cowrent.lt\/en\/product\/toyota-proace-2025-new\/","og_site_name":"Cowrent.lt","article_publisher":"https:\/\/www.facebook.com\/ADTransport.UAB","article_modified_time":"2026-03-24T09:40:31+00:00","og_image":[{"width":1536,"height":1024,"url":"https:\/\/cowrent.lt\/wp-content\/uploads\/2025\/11\/ChatGPT-Image-Feb-26-2026-10_59_54-AM.png","type":"image\/png"}],"twitter_card":"summary_large_image","twitter_misc":{"Est. reading time":"1 minute"},"schema":{"@context":"https:\/\/schema.org","@graph":[{"@type":"WebPage","@id":"https:\/\/cowrent.lt\/product\/toyota-proace-2025-new\/","url":"https:\/\/cowrent.lt\/product\/toyota-proace-2025-new\/","name":"Toyota Proace 2025 (New) - Cowrent.lt","isPartOf":{"@id":"https:\/\/cowrent.lt\/#website"},"primaryImageOfPage":{"@id":"https:\/\/cowrent.lt\/product\/toyota-proace-2025-new\/#primaryimage"},"image":{"@id":"https:\/\/cowrent.lt\/product\/toyota-proace-2025-new\/#primaryimage"},"thumbnailUrl":"https:\/\/cowrent.lt\/wp-content\/uploads\/2025\/11\/ChatGPT-Image-Feb-26-2026-10_59_54-AM.png","datePublished":"2025-11-24T11:36:53+00:00","dateModified":"2026-03-24T09:40:31+00:00","breadcrumb":{"@id":"https:\/\/cowrent.lt\/product\/toyota-proace-2025-new\/#breadcrumb"},"inLanguage":"en-US","potentialAction":[{"@type":"ReadAction","target":["https:\/\/cowrent.lt\/product\/toyota-proace-2025-new\/"]}]},{"@type":"ImageObject","inLanguage":"en-US","@id":"https:\/\/cowrent.lt\/product\/toyota-proace-2025-new\/#primaryimage","url":"https:\/\/cowrent.lt\/wp-content\/uploads\/2025\/11\/ChatGPT-Image-Feb-26-2026-10_59_54-AM.png","contentUrl":"https:\/\/cowrent.lt\/wp-content\/uploads\/2025\/11\/ChatGPT-Image-Feb-26-2026-10_59_54-AM.png","width":1536,"height":1024},{"@type":"BreadcrumbList","@id":"https:\/\/cowrent.lt\/product\/toyota-proace-2025-new\/#breadcrumb","itemListElement":[{"@type":"ListItem","position":1,"name":"Home","item":"https:\/\/cowrent.lt\/"},{"@type":"ListItem","position":2,"name":"Rezervacija","item":"https:\/\/cowrent.lt\/reservation\/"},{"@type":"ListItem","position":3,"name":"Toyota Proace 2025 (New)"}]},{"@type":"WebSite","@id":"https:\/\/cowrent.lt\/#website","url":"https:\/\/cowrent.lt\/","name":"cowrent.lightningbasehosted.com","description":"Reliable car rental in Lithuania!","publisher":{"@id":"https:\/\/cowrent.lt\/#organization"},"potentialAction":[{"@type":"SearchAction","target":{"@type":"EntryPoint","urlTemplate":"https:\/\/cowrent.lt\/?s={search_term_string}"},"query-input":{"@type":"PropertyValueSpecification","valueRequired":true,"valueName":"search_term_string"}}],"inLanguage":"en-US"},{"@type":"Organization","@id":"https:\/\/cowrent.lt\/#organization","name":"cowrent.lightningbasehosted.com","url":"https:\/\/cowrent.lt\/","logo":{"@type":"ImageObject","inLanguage":"en-US","@id":"https:\/\/cowrent.lt\/#\/schema\/logo\/image\/","url":"https:\/\/cowrent.lt\/wp-content\/uploads\/2025\/12\/cropped-Cowrent-Profile-picture-Color-Black-backround.jpg","contentUrl":"https:\/\/cowrent.lt\/wp-content\/uploads\/2025\/12\/cropped-Cowrent-Profile-picture-Color-Black-backround.jpg","width":512,"height":512,"caption":"cowrent.lightningbasehosted.com"},"image":{"@id":"https:\/\/cowrent.lt\/#\/schema\/logo\/image\/"},"sameAs":["https:\/\/www.facebook.com\/ADTransport.UAB","https:\/\/www.linkedin.com\/company\/ad-transport\/"]}]}},"_links":{"self":[{"href":"https:\/\/cowrent.lt\/en\/wp-json\/wp\/v2\/product\/1450","targetHints":{"allow":["GET"]}}],"collection":[{"href":"https:\/\/cowrent.lt\/en\/wp-json\/wp\/v2\/product"}],"about":[{"href":"https:\/\/cowrent.lt\/en\/wp-json\/wp\/v2\/types\/product"}],"replies":[{"embeddable":true,"href":"https:\/\/cowrent.lt\/en\/wp-json\/wp\/v2\/comments?post=1450"}],"version-history":[{"count":0,"href":"https:\/\/cowrent.lt\/en\/wp-json\/wp\/v2\/product\/1450\/revisions"}],"wp:featuredmedia":[{"embeddable":true,"href":"https:\/\/cowrent.lt\/en\/wp-json\/wp\/v2\/media\/2577"}],"wp:attachment":[{"href":"https:\/\/cowrent.lt\/en\/wp-json\/wp\/v2\/media?parent=1450"}],"wp:term":[{"taxonomy":"product_brand","embeddable":true,"href":"https:\/\/cowrent.lt\/en\/wp-json\/wp\/v2\/product_brand?post=1450"},{"taxonomy":"product_cat","embeddable":true,"href":"https:\/\/cowrent.lt\/en\/wp-json\/wp\/v2\/product_cat?post=1450"},{"taxonomy":"product_tag","embeddable":true,"href":"https:\/\/cowrent.lt\/en\/wp-json\/wp\/v2\/product_tag?post=1450"}],"curies":[{"name":"wp","href":"https:\/\/api.w.org\/{rel}","templated":true}]}}