{"id":311,"date":"2017-01-24T11:40:35","date_gmt":"2017-01-24T11:40:35","guid":{"rendered":"https:\/\/motors.stylemixthemes.com\/?page_id=311"},"modified":"2025-10-14T07:21:03","modified_gmt":"2025-10-14T07:21:03","slug":"kontaktai","status":"publish","type":"page","link":"https:\/\/cowrent.lt\/ru\/kontaktai\/","title":{"rendered":"\u0421\u0432\u044f\u0437\u0430\u0442\u044c\u0441\u044f \u0441"},"content":{"rendered":"<div data-elementor-type=\"wp-page\" data-elementor-id=\"311\" class=\"elementor elementor-311\" data-elementor-post-type=\"page\">\n\t\t\t\t\t\t<section class=\"elementor-section elementor-top-section elementor-element elementor-element-8e5743f elementor-section-boxed elementor-section-height-default elementor-section-height-default\" data-id=\"8e5743f\" data-element_type=\"section\" data-e-type=\"section\">\n\t\t\t\t\t\t<div class=\"elementor-container elementor-column-gap-default\">\n\t\t\t\t\t<div class=\"elementor-column elementor-col-100 elementor-top-column elementor-element elementor-element-0083d80\" data-id=\"0083d80\" data-element_type=\"column\" data-e-type=\"column\">\n\t\t\t<div class=\"elementor-widget-wrap elementor-element-populated\">\n\t\t\t\t\t\t<div class=\"elementor-element elementor-element-23efb80 elementor-widget elementor-widget-stm-contact-form-seven\" data-id=\"23efb80\" data-element_type=\"widget\" data-e-type=\"widget\" data-widget_type=\"stm-contact-form-seven.default\">\n\t\t\t\t<div class=\"elementor-widget-container\">\n\t\t\t\t\t\n<div class=\"stm-elementor-contact-form-seven\" id=\"single_contact_form_99917\">\n\t<div class=\"icon-title\">\n\t\t\t\t\t<h4 class=\"heading-font title\">\n\t\t\t\tCONTACT US\t\t\t<\/h4>\n\t\t\t<\/div>\n\n\t\n\t\n<div class=\"wpcf7 no-js\" id=\"wpcf7-f347-o1\" lang=\"en-US\" dir=\"ltr\" data-wpcf7-id=\"347\">\n<div class=\"screen-reader-response\"><p role=\"status\" aria-live=\"polite\" aria-atomic=\"true\"><\/p> <ul><\/ul><\/div>\n<form action=\"\/ru\/wp-json\/wp\/v2\/pages\/311#wpcf7-f347-o1\" method=\"post\" class=\"wpcf7-form init\" aria-label=\"Contact form\" novalidate=\"novalidate\" data-status=\"init\" data-trp-original-action=\"\/ru\/wp-json\/wp\/v2\/pages\/311#wpcf7-f347-o1\">\n<fieldset class=\"hidden-fields-container\"><input type=\"hidden\" name=\"_wpcf7\" value=\"347\" \/><input type=\"hidden\" name=\"_wpcf7_version\" value=\"6.1.5\" \/><input type=\"hidden\" name=\"_wpcf7_locale\" value=\"en_US\" \/><input type=\"hidden\" name=\"_wpcf7_unit_tag\" value=\"wpcf7-f347-o1\" \/><input type=\"hidden\" name=\"_wpcf7_container_post\" value=\"0\" \/><input type=\"hidden\" name=\"_wpcf7_posted_data_hash\" value=\"\" \/>\n<\/fieldset>\n<div class=\"row\">\n    <div class=\"col-md-6 col-sm-6\">\n        <div class=\"form-group\">\n            <div class=\"form-group\">\n                <div class=\"contact-us-label\">\u0412\u0430\u0448\u0435 \u0441\u043e\u043e\u0431\u0449\u0435\u043d\u0438\u0435<\/div>\n                <span class=\"wpcf7-form-control-wrap\" data-name=\"message\"><textarea cols=\"40\" rows=\"10\" maxlength=\"2000\" class=\"wpcf7-form-control wpcf7-textarea\" aria-invalid=\"false\" placeholder=\"\u041d\u0430\u043f\u0438\u0448\u0438\u0442\u0435 \u0441\u043e\u043e\u0431\u0449\u0435\u043d\u0438\u0435, \u043a\u043e\u0442\u043e\u0440\u043e\u0435 \u0432\u044b \u0445\u043e\u0442\u0438\u0442\u0435...\" name=\"message\"><\/textarea><\/span>\n            <\/div>\n        <\/div>\n    <\/div>\n    <div class=\"col-md-6 col-sm-6\">\n          <div class=\"form-group\">\n                <div class=\"contact-us-label\">\u0418\u041c\u042f*<\/div>\n                <span class=\"wpcf7-form-control-wrap\" data-name=\"text\"><input size=\"40\" maxlength=\"400\" class=\"wpcf7-form-control wpcf7-text wpcf7-validates-as-required\" aria-required=\"true\" aria-invalid=\"false\" placeholder=\"\u0412\u0432\u0435\u0434\u0438\u0442\u0435 \u0441\u0432\u043e\u0435 \u0438\u043c\u044f\" value=\"\" type=\"text\" name=\"text\" \/><\/span>\n          <\/div>\n          <div class=\"form-group\">\n                 <div class=\"contact-us-label\">EL. EMAIL*<\/div>\n                 <span class=\"wpcf7-form-control-wrap\" data-name=\"email\"><input size=\"40\" maxlength=\"400\" class=\"wpcf7-form-control wpcf7-email wpcf7-validates-as-required wpcf7-text wpcf7-validates-as-email\" aria-required=\"true\" aria-invalid=\"false\" placeholder=\"\u0412\u0432\u0435\u0434\u0438\u0442\u0435 \u0430\u0434\u0440\u0435\u0441 \u044d\u043b\u0435\u043a\u0442\u0440\u043e\u043d\u043d\u043e\u0439 \u043f\u043e\u0447\u0442\u044b\" value=\"\" type=\"email\" name=\"email\" \/><\/span>\n          <\/div>\n          <div class=\"contact-us-submit\">\n            <input class=\"wpcf7-form-control wpcf7-submit has-spinner contact-us-submit\" type=\"submit\" value=\"\u0421\u0432\u044f\u0437\u0430\u0442\u044c\u0441\u044f \u0441\" \/>\n          <\/div>\n    <\/div>\n<\/div><div class=\"wpcf7-response-output\" aria-hidden=\"true\"><\/div>\n<input type=\"hidden\" name=\"trp-form-language\" value=\"ru\"\/><\/form>\n<\/div>\n\t<\/div>\n\n\t\t\t\t<\/div>\n\t\t\t\t<\/div>\n\t\t\t\t\t<\/div>\n\t\t<\/div>\n\t\t\t\t\t<\/div>\n\t\t<\/section>\n\t\t\t\t<section class=\"elementor-section elementor-top-section elementor-element elementor-element-e16a452 elementor-section-full_width elementor-section-stretched elementor-section-height-default elementor-section-height-default\" data-id=\"e16a452\" data-element_type=\"section\" data-e-type=\"section\" data-settings=\"{&quot;stretch_section&quot;:&quot;section-stretched&quot;}\">\n\t\t\t\t\t\t<div class=\"elementor-container elementor-column-gap-default\">\n\t\t\t\t\t<div class=\"elementor-column elementor-col-100 elementor-top-column elementor-element elementor-element-4a07527\" data-id=\"4a07527\" data-element_type=\"column\" data-e-type=\"column\">\n\t\t\t<div class=\"elementor-widget-wrap elementor-element-populated\">\n\t\t\t\t\t\t<div class=\"elementor-element elementor-element-d37a585 elementor-widget elementor-widget-google_maps\" data-id=\"d37a585\" data-element_type=\"widget\" data-e-type=\"widget\" data-widget_type=\"google_maps.default\">\n\t\t\t\t\t\t\t<div class=\"elementor-custom-embed\">\n\t\t\t<iframe loading=\"lazy\"\n\t\t\t\t\tsrc=\"https:\/\/maps.google.com\/maps?q=M.%20K.%20%C4%8Ciurlionio%20g.%2075%2C%20Druskininkai&#038;t=m&#038;z=15&#038;output=embed&#038;iwloc=near\"\n\t\t\t\t\ttitle=\"\u041c. \u041a. \u0427\u044e\u0440\u043b\u0451\u043d\u0438\u043e, 75, \u0414\u0440\u0443\u0441\u043a\u0438\u043d\u0438\u043d\u043a\u0430\u0439\"\n\t\t\t\t\taria-label=\"\u041c. \u041a. \u0427\u044e\u0440\u043b\u0451\u043d\u0438\u043e, 75, \u0414\u0440\u0443\u0441\u043a\u0438\u043d\u0438\u043d\u043a\u0430\u0439\"\n\t\t\t><\/iframe>\n\t\t<\/div>\n\t\t\t\t\t\t<\/div>\n\t\t\t\t\t<\/div>\n\t\t<\/div>\n\t\t\t\t\t<\/div>\n\t\t<\/section>\n\t\t\t\t<\/div>","protected":false},"excerpt":{"rendered":"<p>SUSISIEKITE SU MUMIS Your message FIRST NAME* EMAIL*<\/p>","protected":false},"author":1,"featured_media":0,"parent":0,"menu_order":0,"comment_status":"closed","ping_status":"closed","template":"","meta":{"_acf_changed":false,"footnotes":""},"class_list":["post-311","page","type-page","status-publish","hentry"],"acf":[],"yoast_head":"<!-- This site is optimized with the Yoast SEO Premium plugin v25.8 (Yoast SEO v27.4) - https:\/\/yoast.com\/product\/yoast-seo-premium-wordpress\/ -->\n<title>Kontaktai \u2013 Susisiekite su mumis | Cowrent.lt<\/title>\n<meta name=\"description\" content=\"Turite klausim\u0173 apie automobili\u0173 nuom\u0105? Susisiekite su m\u016bs\u0173 komanda \u2013 pad\u0117sime i\u0161sirinkti tinkam\u0105 automobil\u012f ir atsakysime \u012f visus klausimus.\" \/>\n<meta name=\"robots\" content=\"index, follow, max-snippet:-1, max-image-preview:large, max-video-preview:-1\" \/>\n<link rel=\"canonical\" href=\"https:\/\/cowrent.lt\/ru\/kontaktai\/\" \/>\n<meta property=\"og:locale\" content=\"ru_RU\" \/>\n<meta property=\"og:type\" content=\"article\" \/>\n<meta property=\"og:title\" content=\"Kontaktai\" \/>\n<meta property=\"og:description\" content=\"Turite klausim\u0173 apie automobili\u0173 nuom\u0105? Susisiekite su m\u016bs\u0173 komanda \u2013 pad\u0117sime i\u0161sirinkti tinkam\u0105 automobil\u012f ir atsakysime \u012f visus klausimus.\" \/>\n<meta property=\"og:url\" content=\"https:\/\/cowrent.lt\/ru\/kontaktai\/\" \/>\n<meta property=\"og:site_name\" content=\"Cowrent.lt\" \/>\n<meta property=\"article:publisher\" content=\"https:\/\/www.facebook.com\/ADTransport.UAB\" \/>\n<meta property=\"article:modified_time\" content=\"2025-10-14T07:21:03+00:00\" \/>\n<meta name=\"twitter:card\" content=\"summary_large_image\" \/>\n<meta name=\"twitter:label1\" content=\"\u041f\u0440\u0438\u043c\u0435\u0440\u043d\u043e\u0435 \u0432\u0440\u0435\u043c\u044f \u0434\u043b\u044f \u0447\u0442\u0435\u043d\u0438\u044f\" \/>\n\t<meta name=\"twitter:data1\" content=\"1 \u043c\u0438\u043d\u0443\u0442\u0430\" \/>\n<script type=\"application\/ld+json\" class=\"yoast-schema-graph\">{\"@context\":\"https:\\\/\\\/schema.org\",\"@graph\":[{\"@type\":\"WebPage\",\"@id\":\"https:\\\/\\\/cowrent.lt\\\/kontaktai\\\/\",\"url\":\"https:\\\/\\\/cowrent.lt\\\/kontaktai\\\/\",\"name\":\"Kontaktai \u2013 Susisiekite su mumis | Cowrent.lt\",\"isPartOf\":{\"@id\":\"https:\\\/\\\/cowrent.lt\\\/#website\"},\"datePublished\":\"2017-01-24T11:40:35+00:00\",\"dateModified\":\"2025-10-14T07:21:03+00:00\",\"description\":\"Turite klausim\u0173 apie automobili\u0173 nuom\u0105? Susisiekite su m\u016bs\u0173 komanda \u2013 pad\u0117sime i\u0161sirinkti tinkam\u0105 automobil\u012f ir atsakysime \u012f visus klausimus.\",\"breadcrumb\":{\"@id\":\"https:\\\/\\\/cowrent.lt\\\/kontaktai\\\/#breadcrumb\"},\"inLanguage\":\"ru-RU\",\"potentialAction\":[{\"@type\":\"ReadAction\",\"target\":[\"https:\\\/\\\/cowrent.lt\\\/kontaktai\\\/\"]}]},{\"@type\":\"BreadcrumbList\",\"@id\":\"https:\\\/\\\/cowrent.lt\\\/kontaktai\\\/#breadcrumb\",\"itemListElement\":[{\"@type\":\"ListItem\",\"position\":1,\"name\":\"Home\",\"item\":\"https:\\\/\\\/cowrent.lt\\\/\"},{\"@type\":\"ListItem\",\"position\":2,\"name\":\"Kontaktai\"}]},{\"@type\":\"WebSite\",\"@id\":\"https:\\\/\\\/cowrent.lt\\\/#website\",\"url\":\"https:\\\/\\\/cowrent.lt\\\/\",\"name\":\"cowrent.lightningbasehosted.com\",\"description\":\"Patikima automobili\u0173 nuoma Lietuvoje!\",\"publisher\":{\"@id\":\"https:\\\/\\\/cowrent.lt\\\/#organization\"},\"potentialAction\":[{\"@type\":\"SearchAction\",\"target\":{\"@type\":\"EntryPoint\",\"urlTemplate\":\"https:\\\/\\\/cowrent.lt\\\/?s={search_term_string}\"},\"query-input\":{\"@type\":\"PropertyValueSpecification\",\"valueRequired\":true,\"valueName\":\"search_term_string\"}}],\"inLanguage\":\"ru-RU\"},{\"@type\":\"Organization\",\"@id\":\"https:\\\/\\\/cowrent.lt\\\/#organization\",\"name\":\"cowrent.lightningbasehosted.com\",\"url\":\"https:\\\/\\\/cowrent.lt\\\/\",\"logo\":{\"@type\":\"ImageObject\",\"inLanguage\":\"ru-RU\",\"@id\":\"https:\\\/\\\/cowrent.lt\\\/#\\\/schema\\\/logo\\\/image\\\/\",\"url\":\"https:\\\/\\\/cowrent.lt\\\/wp-content\\\/uploads\\\/2025\\\/12\\\/cropped-Cowrent-Profile-picture-Color-Black-backround.jpg\",\"contentUrl\":\"https:\\\/\\\/cowrent.lt\\\/wp-content\\\/uploads\\\/2025\\\/12\\\/cropped-Cowrent-Profile-picture-Color-Black-backround.jpg\",\"width\":512,\"height\":512,\"caption\":\"cowrent.lightningbasehosted.com\"},\"image\":{\"@id\":\"https:\\\/\\\/cowrent.lt\\\/#\\\/schema\\\/logo\\\/image\\\/\"},\"sameAs\":[\"https:\\\/\\\/www.facebook.com\\\/ADTransport.UAB\",\"https:\\\/\\\/www.linkedin.com\\\/company\\\/ad-transport\\\/\"]}]}<\/script>\n<!-- \/ Yoast SEO Premium plugin. -->","yoast_head_json":{"title":"Kontaktai \u2013 Susisiekite su mumis | Cowrent.lt","description":"Turite klausim\u0173 apie automobili\u0173 nuom\u0105? Susisiekite su m\u016bs\u0173 komanda \u2013 pad\u0117sime i\u0161sirinkti tinkam\u0105 automobil\u012f ir atsakysime \u012f visus klausimus.","robots":{"index":"index","follow":"follow","max-snippet":"max-snippet:-1","max-image-preview":"max-image-preview:large","max-video-preview":"max-video-preview:-1"},"canonical":"https:\/\/cowrent.lt\/ru\/kontaktai\/","og_locale":"ru_RU","og_type":"article","og_title":"Kontaktai","og_description":"Turite klausim\u0173 apie automobili\u0173 nuom\u0105? Susisiekite su m\u016bs\u0173 komanda \u2013 pad\u0117sime i\u0161sirinkti tinkam\u0105 automobil\u012f ir atsakysime \u012f visus klausimus.","og_url":"https:\/\/cowrent.lt\/ru\/kontaktai\/","og_site_name":"Cowrent.lt","article_publisher":"https:\/\/www.facebook.com\/ADTransport.UAB","article_modified_time":"2025-10-14T07:21:03+00:00","twitter_card":"summary_large_image","twitter_misc":{"\u041f\u0440\u0438\u043c\u0435\u0440\u043d\u043e\u0435 \u0432\u0440\u0435\u043c\u044f \u0434\u043b\u044f \u0447\u0442\u0435\u043d\u0438\u044f":"1 \u043c\u0438\u043d\u0443\u0442\u0430"},"schema":{"@context":"https:\/\/schema.org","@graph":[{"@type":"WebPage","@id":"https:\/\/cowrent.lt\/kontaktai\/","url":"https:\/\/cowrent.lt\/kontaktai\/","name":"Kontaktai \u2013 Susisiekite su mumis | Cowrent.lt","isPartOf":{"@id":"https:\/\/cowrent.lt\/#website"},"datePublished":"2017-01-24T11:40:35+00:00","dateModified":"2025-10-14T07:21:03+00:00","description":"Turite klausim\u0173 apie automobili\u0173 nuom\u0105? Susisiekite su m\u016bs\u0173 komanda \u2013 pad\u0117sime i\u0161sirinkti tinkam\u0105 automobil\u012f ir atsakysime \u012f visus klausimus.","breadcrumb":{"@id":"https:\/\/cowrent.lt\/kontaktai\/#breadcrumb"},"inLanguage":"ru-RU","potentialAction":[{"@type":"ReadAction","target":["https:\/\/cowrent.lt\/kontaktai\/"]}]},{"@type":"BreadcrumbList","@id":"https:\/\/cowrent.lt\/kontaktai\/#breadcrumb","itemListElement":[{"@type":"ListItem","position":1,"name":"Home","item":"https:\/\/cowrent.lt\/"},{"@type":"ListItem","position":2,"name":"Kontaktai"}]},{"@type":"WebSite","@id":"https:\/\/cowrent.lt\/#website","url":"https:\/\/cowrent.lt\/","name":"cowrent.lightningbasehosted.com","description":"\u041d\u0430\u0434\u0435\u0436\u043d\u044b\u0439 \u043f\u0440\u043e\u043a\u0430\u0442 \u0430\u0432\u0442\u043e\u043c\u043e\u0431\u0438\u043b\u0435\u0439 \u0432 \u041b\u0438\u0442\u0432\u0435!","publisher":{"@id":"https:\/\/cowrent.lt\/#organization"},"potentialAction":[{"@type":"SearchAction","target":{"@type":"EntryPoint","urlTemplate":"https:\/\/cowrent.lt\/?s={search_term_string}"},"query-input":{"@type":"PropertyValueSpecification","valueRequired":true,"valueName":"search_term_string"}}],"inLanguage":"ru-RU"},{"@type":"Organization","@id":"https:\/\/cowrent.lt\/#organization","name":"cowrent.lightningbasehosted.com","url":"https:\/\/cowrent.lt\/","logo":{"@type":"ImageObject","inLanguage":"ru-RU","@id":"https:\/\/cowrent.lt\/#\/schema\/logo\/image\/","url":"https:\/\/cowrent.lt\/wp-content\/uploads\/2025\/12\/cropped-Cowrent-Profile-picture-Color-Black-backround.jpg","contentUrl":"https:\/\/cowrent.lt\/wp-content\/uploads\/2025\/12\/cropped-Cowrent-Profile-picture-Color-Black-backround.jpg","width":512,"height":512,"caption":"cowrent.lightningbasehosted.com"},"image":{"@id":"https:\/\/cowrent.lt\/#\/schema\/logo\/image\/"},"sameAs":["https:\/\/www.facebook.com\/ADTransport.UAB","https:\/\/www.linkedin.com\/company\/ad-transport\/"]}]}},"_links":{"self":[{"href":"https:\/\/cowrent.lt\/ru\/wp-json\/wp\/v2\/pages\/311","targetHints":{"allow":["GET"]}}],"collection":[{"href":"https:\/\/cowrent.lt\/ru\/wp-json\/wp\/v2\/pages"}],"about":[{"href":"https:\/\/cowrent.lt\/ru\/wp-json\/wp\/v2\/types\/page"}],"author":[{"embeddable":true,"href":"https:\/\/cowrent.lt\/ru\/wp-json\/wp\/v2\/users\/1"}],"replies":[{"embeddable":true,"href":"https:\/\/cowrent.lt\/ru\/wp-json\/wp\/v2\/comments?post=311"}],"version-history":[{"count":0,"href":"https:\/\/cowrent.lt\/ru\/wp-json\/wp\/v2\/pages\/311\/revisions"}],"wp:attachment":[{"href":"https:\/\/cowrent.lt\/ru\/wp-json\/wp\/v2\/media?parent=311"}],"curies":[{"name":"wp","href":"https:\/\/api.w.org\/{rel}","templated":true}]}}